{"id":989039,"date":"2017-07-31T12:54:58","date_gmt":"2017-07-31T12:54:58","guid":{"rendered":"https:\/\/www.finist-scm.com\/about-us\/"},"modified":"2025-04-30T00:16:53","modified_gmt":"2025-04-30T00:16:53","slug":"sobre-nosotros","status":"publish","type":"page","link":"https:\/\/www.finist-scm.com\/es\/sobre-nosotros\/","title":{"rendered":"Sobre Nosotros"},"content":{"rendered":"<div class=\"vgblk-rw-wrapper limit-wrapper\">\n<h2>\n\t\tLa din\u00e1mica historia de Finist SCM\n\t<\/h2>\n\t<p>Finist SCM es un operador log\u00edstico internacional que ofrece servicios complejos de log\u00edstica y gesti\u00f3n de la cadena de suministro en todo el mundo. Unimos a un equipo de profesionales y expertos altamente experimentados que est\u00e1n en constante movimiento por carretera, aire, ferrocarril y agua. Estamos impulsados por un mundo en constante evoluci\u00f3n y los desaf\u00edos diarios, lo que nos lleva a mantener el m\u00e1s alto nivel de servicio al cliente y a buscar nuevas soluciones en la log\u00edstica y gesti\u00f3n de la cadena de suministro tanto internacional como nacional.<\/p>\n<p>La historia de Finist SCM comenz\u00f3 en 2011 con una peque\u00f1a oficina cerca de Helsinki, Finlandia, centrada en las entregas ferroviarias desde China a Finlandia. A lo largo de los a\u00f1os, y siguiendo la demanda de nuestra clientela leal y en crecimiento, nos hemos expandido a siete oficinas en puntos log\u00edsticos clave y hemos obtenido una red confiable de m\u00e1s de 100 agentes en todo el mundo. Tambi\u00e9n hemos ampliado nuestros servicios para incluir almacenamiento, gesti\u00f3n de la cadena de suministro, etiquetado, entregas expr\u00e9s, seguros, certificaci\u00f3n y licencias. Esta configuraci\u00f3n general nos permite resolver cualquier tarea log\u00edstica, desde la entrega de una simple caja de vino hasta la ejecuci\u00f3n de un proyecto masivo para mover 300 toneladas de equipos industriales de gran tama\u00f1o.<\/p>\n<p>Durante nuestro recorrido profesional, hemos evolucionado de ser un simple proveedor 3PL (log\u00edstica de tercera parte) a un operador 5PL (log\u00edstica de quinta parte) complejo, donde asumimos un papel integral para ordenar, recoger, empaquetar, consolidar, entregar, despachar aduanas, almacenar, distribuir y cobrar el pago en nombre del cliente. Nuestro objetivo permanente es convertirnos en un punto \u00fanico de referencia donde asumimos la responsabilidad de todos los aspectos log\u00edsticos y de la cadena de suministro de nuestros clientes.<\/p>\n<p>Finist SCM est\u00e1 siempre a la vanguardia de la tecnolog\u00eda moderna. Al desarrollar continuamente nuestra propia infraestructura de TI, hemos logrado crear nuestro propio TMS (Sistema de Gesti\u00f3n de Transporte) y WMS (Sistema de Gesti\u00f3n de Almacenes). Tambi\u00e9n ofrecemos soluciones LCT (Torre de Control Log\u00edstico) a las principales empresas internacionales de FMCG.<\/p>\n<p>Finist SCM es la sinergia de la experiencia avanzada y los enfoques innovadores. Con una amplia competencia en la provisi\u00f3n de soluciones log\u00edsticas complejas, Finist SCM est\u00e1 feliz de convertirse en su socio a largo plazo y de confianza en todos sus emprendimientos e iniciativas.<\/p>\n\t\t\t7\n<h5>\n\tOficinas en Todo el Mundo\n\t<\/h5>\n\t<p>Nuestra propia red, junto con m\u00e1s de 100 agentes internacionales, garantiza soluciones log\u00edsticas efectivas sin importar d\u00f3nde opere su negocio.<\/p>\n\t\t\t15,000\n<h5>\n\tContenedores\n\t<\/h5>\n\t<p>Nuestra empresa ha entregado m\u00e1s de 2 millones de kg de env\u00edos de carga a\u00e9rea.<\/p>\n\t\t\t750,000\n<h5>\n\tKilogramos\n\t<\/h5>\n\t<p>Consolidamos, empaquetamos, entregamos por v\u00eda a\u00e9rea a nivel mundial y despachamos aduanalmente m\u00e1s de 750,000 kg de diversos cargamentos por a\u00f1o.<\/p>\n\t\t\t\t<a href=\"\/es\/servicios\/#air\" target=\"_self\" itemprop=\"url\" title=\"frieght-air\" rel=\"noopener\">\n\t\t\t\t\t\t\t<img loading=\"lazy\" decoding=\"async\" src=\"https:\/\/www.finist-scm.com\/wp-content\/uploads\/2024\/06\/frieght-air.jpg\" alt=\"frieght-air\" itemprop=\"image\" height=\"437\" width=\"380\" data-link-type=\"url\" title=\"frieght-air\" onerror=\"this.style.display='none'\"  sizes=\"(max-width: 768px) 100vw, 100vw\" srcset=\"https:\/\/www.finist-scm.com\/wp-content\/uploads\/2024\/06\/frieght-air.jpg 380w, https:\/\/www.finist-scm.com\/wp-content\/uploads\/2024\/06\/frieght-air-261x300.jpg 261w, https:\/\/www.finist-scm.com\/wp-content\/uploads\/2024\/06\/frieght-air-315x362.jpg 315w\" \/>\t\t\t\t\t\t<\/a>\n\t\t\t\t<a href=\"\/es\/servicios\/#sea\" target=\"_self\" itemprop=\"url\" title=\"frieght-sea\" rel=\"noopener\">\n\t\t\t\t\t\t\t<img loading=\"lazy\" decoding=\"async\" src=\"https:\/\/www.finist-scm.com\/wp-content\/uploads\/2024\/06\/frieght-sea.jpg\" alt=\"frieght-sea\" itemprop=\"image\" height=\"437\" width=\"380\" data-link-type=\"url\" title=\"frieght-sea\" onerror=\"this.style.display='none'\"  sizes=\"(max-width: 768px) 100vw, 100vw\" srcset=\"https:\/\/www.finist-scm.com\/wp-content\/uploads\/2024\/06\/frieght-sea.jpg 380w, https:\/\/www.finist-scm.com\/wp-content\/uploads\/2024\/06\/frieght-sea-261x300.jpg 261w, https:\/\/www.finist-scm.com\/wp-content\/uploads\/2024\/06\/frieght-sea-315x362.jpg 315w\" \/>\t\t\t\t\t\t<\/a>\n\t\t\t\t<a href=\"\/es\/servicios\/#road\" target=\"_self\" itemprop=\"url\" title=\"frieght-road\" rel=\"noopener\">\n\t\t\t\t\t\t\t<img loading=\"lazy\" decoding=\"async\" src=\"https:\/\/www.finist-scm.com\/wp-content\/uploads\/2024\/06\/frieght-road.jpg\" alt=\"frieght-road\" itemprop=\"image\" height=\"437\" width=\"380\" data-link-type=\"url\" title=\"frieght-road\" onerror=\"this.style.display='none'\"  sizes=\"(max-width: 768px) 100vw, 100vw\" srcset=\"https:\/\/www.finist-scm.com\/wp-content\/uploads\/2024\/06\/frieght-road.jpg 380w, https:\/\/www.finist-scm.com\/wp-content\/uploads\/2024\/06\/frieght-road-261x300.jpg 261w, https:\/\/www.finist-scm.com\/wp-content\/uploads\/2024\/06\/frieght-road-315x362.jpg 315w\" \/>\t\t\t\t\t\t<\/a>\n\t\t\t\t<a href=\"\/es\/servicios\/#rail\" target=\"_self\" itemprop=\"url\" title=\"frieght-train\" rel=\"noopener\">\n\t\t\t\t\t\t\t<img loading=\"lazy\" decoding=\"async\" src=\"https:\/\/www.finist-scm.com\/wp-content\/uploads\/2024\/06\/frieght-train.jpg\" alt=\"frieght-train\" itemprop=\"image\" height=\"437\" width=\"380\" data-link-type=\"url\" title=\"frieght-train\" onerror=\"this.style.display='none'\"  sizes=\"(max-width: 768px) 100vw, 100vw\" srcset=\"https:\/\/www.finist-scm.com\/wp-content\/uploads\/2024\/06\/frieght-train.jpg 380w, https:\/\/www.finist-scm.com\/wp-content\/uploads\/2024\/06\/frieght-train-261x300.jpg 261w, https:\/\/www.finist-scm.com\/wp-content\/uploads\/2024\/06\/frieght-train-315x362.jpg 315w\" \/>\t\t\t\t\t\t<\/a>\n<h4>\n\tVisi\u00f3n\n\t<\/h4>\n\t<p>Ser el proveedor l\u00edder de log\u00edstica en soluciones de transporte innovadoras y sostenibles, ofreciendo un servicio impecable y fiable. Visualizamos un mundo donde la log\u00edstica conecte comunidades, fomentando el crecimiento y la prosperidad.<\/p>\n<h4>\n\tMisi\u00f3n\n\t<\/h4>\n\t<p>A trav\u00e9s de tecnolog\u00eda de vanguardia y un equipo dedicado, aspiramos a redefinir el futuro del transporte y la gesti\u00f3n de la cadena de suministro, asegurando una entrega sin interrupciones, eficiente, ecol\u00f3gica y puntual para cada cliente, en todo momento.<\/p>\n<h4>\n\tValores\n\t<\/h4>\n\t<p>Nos enfocamos en la fiabilidad, la innovaci\u00f3n y la colaboraci\u00f3n. Nuestro \u00e9xito va de la mano con el \u00e9xito de nuestros clientes. Priorizamos la seguridad de nuestros empleados, socios y carga, cumpliendo con estrictos protocolos y pr\u00e1cticas de seguridad en todas nuestras operaciones.<\/p>\n<h2>\n\tNuestras ventajas\n\t<\/h2>\n\t<ul>\n<li>Log\u00edstica a Medida<\/li>\n<li>Soporte Personalizado<\/li>\n<li>Fiabilidad y Segurida<\/li>\n<li>Red Global<\/li>\n<li>Rentabilidad<\/li>\n<li>Rastreo y Seguimiento<\/li>\n<li>Seguro Global<\/li>\n<li>ESG y Sostenibilidad<\/li>\n<li>Soluciones Inform\u00e1ticas<\/li>\n<li>Avanzadas<\/li>\n<li>Entrega R\u00e1pida y Puntual<\/li>\n<li>Cumplimiento Normativo<\/li>\n<li>Flexibilidad y Escalabilidad<\/li>\n<\/ul>\n<h2>\n\tCont\u00e1ctenos\n\t<\/h2>\n\t\n<div class=\"wpcf7 no-js\" id=\"wpcf7-f989030-o1\" lang=\"en-US\" dir=\"ltr\">\n<div class=\"screen-reader-response\"><p role=\"status\" aria-live=\"polite\" aria-atomic=\"true\"><\/p> <ul><\/ul><\/div>\n<form action=\"\/es\/wp-json\/wp\/v2\/pages\/989039#wpcf7-f989030-o1\" method=\"post\" class=\"wpcf7-form init\" aria-label=\"Contact form\" novalidate=\"novalidate\" data-status=\"init\">\n<div style=\"display: none;\">\n<input type=\"hidden\" name=\"_wpcf7\" value=\"989030\" \/>\n<input type=\"hidden\" name=\"_wpcf7_version\" value=\"5.9.8\" \/>\n<input type=\"hidden\" name=\"_wpcf7_locale\" value=\"en_US\" \/>\n<input type=\"hidden\" name=\"_wpcf7_unit_tag\" value=\"wpcf7-f989030-o1\" \/>\n<input type=\"hidden\" name=\"_wpcf7_container_post\" value=\"0\" \/>\n<input type=\"hidden\" name=\"_wpcf7_posted_data_hash\" value=\"\" \/>\n<\/div>\n<p><label> Su nombre<br \/>\n<span class=\"wpcf7-form-control-wrap\" data-name=\"your-name\"><input size=\"40\" maxlength=\"400\" class=\"wpcf7-form-control wpcf7-text wpcf7-validates-as-required\" autocomplete=\"name\" aria-required=\"true\" aria-invalid=\"false\" value=\"\" type=\"text\" name=\"your-name\" \/><\/span> <\/label>\n<\/p>\n<p><label> Su correo electr\u00f3nico<br \/>\n<span class=\"wpcf7-form-control-wrap\" data-name=\"your-email\"><input size=\"40\" maxlength=\"400\" class=\"wpcf7-form-control wpcf7-email wpcf7-validates-as-required wpcf7-text wpcf7-validates-as-email\" autocomplete=\"email\" aria-required=\"true\" aria-invalid=\"false\" value=\"\" type=\"email\" name=\"your-email\" \/><\/span> <\/label>\n<\/p>\n<p><label> Asunto<br \/>\n<span class=\"wpcf7-form-control-wrap\" data-name=\"your-subject\"><input size=\"40\" maxlength=\"400\" class=\"wpcf7-form-control wpcf7-text wpcf7-validates-as-required\" aria-required=\"true\" aria-invalid=\"false\" value=\"\" type=\"text\" name=\"your-subject\" \/><\/span> <\/label>\n<\/p>\n<p><label> Su mensaje<br \/>\n<span class=\"wpcf7-form-control-wrap\" data-name=\"your-message\"><textarea cols=\"40\" rows=\"10\" maxlength=\"2000\" class=\"wpcf7-form-control wpcf7-textarea\" aria-invalid=\"false\" name=\"your-message\"><\/textarea><\/span> <\/label>\n<\/p>\n<p><input class=\"wpcf7-form-control wpcf7-submit has-spinner\" type=\"submit\" value=\"Enviar\" \/>\n<\/p>\n<p><label for=\"g-recaptcha\">Recaptcha<\/label><div class=\"g-recaptcha\" id=\"6a02033040984\" data-theme=\"light\" data-type=\"image\" data-sitekey=\"6LfDbXAqAAAAAOwZ5S-twLVQsOngS90sp12oXELf\" style=\"transform:scale(0.90);-webkit-transform:scale(0.90);transform-origin:0 0;-webkit-transform-origin:0 0;\"><\/div><input id=\"emailHP-6a02033040987\" type=\"text\" class=\"hPot_checker emailHP\" name=\"emailHP\" size=\"25\" value=\"\" placeholder=\"Do not fill in this field\" \/><script type=\"text\/javascript\" charset=\"utf-8\">\r\n\r\n                var onloadCallback = function() {\r\n                        var recaptchas = document.querySelectorAll('div[class=g-recaptcha]');\r\n                        for( i = 0; i < recaptchas.length; i++) {\r\n                                grecaptcha.render( recaptchas[i].id, {\r\n                                        'sitekey' : '6LfDbXAqAAAAAOwZ5S-twLVQsOngS90sp12oXELf',\r\n                                        'theme' : 'light',\r\n                                        'type' : 'image',\r\n                                });\r\n                        }\r\n                }\r\n        <\/script><span class=\"wpcf7-form-control-wrap cta_recaptcha\"><\/span>\n<\/p><div class=\"wpcf7-response-output\" aria-hidden=\"true\"><\/div>\n<\/form>\n<\/div>\n\n\n<\/div><!-- .vgblk-rw-wrapper -->","protected":false},"excerpt":{"rendered":"<p>La din\u00e1mica historia de Finist SCM Finist SCM es un operador log\u00edstico internacional que ofrece servicios complejos de log\u00edstica y gesti\u00f3n de la cadena de suministro en todo el mundo. Unimos a un equipo de profesionales y expertos altamente experimentados que est\u00e1n en constante movimiento por carretera, aire, ferrocarril y agua. Estamos impulsados por un&#8230;<\/p>\n","protected":false},"author":1,"featured_media":989367,"parent":0,"menu_order":0,"comment_status":"closed","ping_status":"closed","template":"","meta":{"inline_featured_image":false,"_uf_show_specific_survey":0,"_uf_disable_surveys":false,"footnotes":""},"yoast_head":"<!-- This site is optimized with the Yoast SEO plugin v23.6 - https:\/\/yoast.com\/wordpress\/plugins\/seo\/ -->\n<title>Sobre Nosotros - Finist SCM<\/title>\n<meta name=\"robots\" content=\"index, follow, max-snippet:-1, max-image-preview:large, max-video-preview:-1\" \/>\n<link rel=\"canonical\" href=\"https:\/\/www.finist-scm.com\/es\/sobre-nosotros\/\" \/>\n<meta property=\"og:locale\" content=\"es_ES\" \/>\n<meta property=\"og:type\" content=\"article\" \/>\n<meta property=\"og:title\" content=\"Sobre Nosotros - Finist SCM\" \/>\n<meta property=\"og:description\" content=\"La din\u00e1mica historia de Finist SCM Finist SCM es un operador log\u00edstico internacional que ofrece servicios complejos de log\u00edstica y gesti\u00f3n de la cadena de suministro en todo el mundo. Unimos a un equipo de profesionales y expertos altamente experimentados que est\u00e1n en constante movimiento por carretera, aire, ferrocarril y agua. Estamos impulsados por un...\" \/>\n<meta property=\"og:url\" content=\"https:\/\/www.finist-scm.com\/es\/sobre-nosotros\/\" \/>\n<meta property=\"og:site_name\" content=\"Finist SCM\" \/>\n<meta property=\"article:modified_time\" content=\"2025-04-30T00:16:53+00:00\" \/>\n<meta property=\"og:image\" content=\"https:\/\/www.finist-scm.com\/wp-content\/uploads\/2024\/06\/picups-01-1.jpg\" \/>\n\t<meta property=\"og:image:width\" content=\"1280\" \/>\n\t<meta property=\"og:image:height\" content=\"849\" \/>\n\t<meta property=\"og:image:type\" content=\"image\/jpeg\" \/>\n<meta name=\"twitter:card\" content=\"summary_large_image\" \/>\n<meta name=\"twitter:label1\" content=\"Tiempo de lectura\" \/>\n\t<meta name=\"twitter:data1\" content=\"4 minutos\" \/>\n<script type=\"application\/ld+json\" class=\"yoast-schema-graph\">{\"@context\":\"https:\/\/schema.org\",\"@graph\":[{\"@type\":\"WebPage\",\"@id\":\"https:\/\/www.finist-scm.com\/es\/sobre-nosotros\/\",\"url\":\"https:\/\/www.finist-scm.com\/es\/sobre-nosotros\/\",\"name\":\"Sobre Nosotros - Finist SCM\",\"isPartOf\":{\"@id\":\"https:\/\/www.finist-scm.com\/#website\"},\"primaryImageOfPage\":{\"@id\":\"https:\/\/www.finist-scm.com\/es\/sobre-nosotros\/#primaryimage\"},\"image\":{\"@id\":\"https:\/\/www.finist-scm.com\/es\/sobre-nosotros\/#primaryimage\"},\"thumbnailUrl\":\"https:\/\/www.finist-scm.com\/wp-content\/uploads\/2024\/06\/picups-01-1.jpg\",\"datePublished\":\"2017-07-31T12:54:58+00:00\",\"dateModified\":\"2025-04-30T00:16:53+00:00\",\"breadcrumb\":{\"@id\":\"https:\/\/www.finist-scm.com\/es\/sobre-nosotros\/#breadcrumb\"},\"inLanguage\":\"es\",\"potentialAction\":[{\"@type\":\"ReadAction\",\"target\":[\"https:\/\/www.finist-scm.com\/es\/sobre-nosotros\/\"]}]},{\"@type\":\"ImageObject\",\"inLanguage\":\"es\",\"@id\":\"https:\/\/www.finist-scm.com\/es\/sobre-nosotros\/#primaryimage\",\"url\":\"https:\/\/www.finist-scm.com\/wp-content\/uploads\/2024\/06\/picups-01-1.jpg\",\"contentUrl\":\"https:\/\/www.finist-scm.com\/wp-content\/uploads\/2024\/06\/picups-01-1.jpg\",\"width\":1280,\"height\":849},{\"@type\":\"BreadcrumbList\",\"@id\":\"https:\/\/www.finist-scm.com\/es\/sobre-nosotros\/#breadcrumb\",\"itemListElement\":[{\"@type\":\"ListItem\",\"position\":1,\"name\":\"Home\",\"item\":\"https:\/\/www.finist-scm.com\/es\/\"},{\"@type\":\"ListItem\",\"position\":2,\"name\":\"Sobre Nosotros\"}]},{\"@type\":\"WebSite\",\"@id\":\"https:\/\/www.finist-scm.com\/#website\",\"url\":\"https:\/\/www.finist-scm.com\/\",\"name\":\"Finist SCM\",\"description\":\"\",\"publisher\":{\"@id\":\"https:\/\/www.finist-scm.com\/#organization\"},\"alternateName\":\"F-SCM\",\"potentialAction\":[{\"@type\":\"SearchAction\",\"target\":{\"@type\":\"EntryPoint\",\"urlTemplate\":\"https:\/\/www.finist-scm.com\/?s={search_term_string}\"},\"query-input\":{\"@type\":\"PropertyValueSpecification\",\"valueRequired\":true,\"valueName\":\"search_term_string\"}}],\"inLanguage\":\"es\"},{\"@type\":\"Organization\",\"@id\":\"https:\/\/www.finist-scm.com\/#organization\",\"name\":\"Finist SCM\",\"alternateName\":\"F-SCM\",\"url\":\"https:\/\/www.finist-scm.com\/\",\"logo\":{\"@type\":\"ImageObject\",\"inLanguage\":\"es\",\"@id\":\"https:\/\/www.finist-scm.com\/#\/schema\/logo\/image\/\",\"url\":\"https:\/\/www.finist-scm.com\/wp-content\/uploads\/2024\/06\/Finist_logo_-3.png\",\"contentUrl\":\"https:\/\/www.finist-scm.com\/wp-content\/uploads\/2024\/06\/Finist_logo_-3.png\",\"width\":500,\"height\":105,\"caption\":\"Finist SCM\"},\"image\":{\"@id\":\"https:\/\/www.finist-scm.com\/#\/schema\/logo\/image\/\"},\"sameAs\":[\"https:\/\/t.me\/finistscm\",\"https:\/\/www.linkedin.com\/company\/finist-scm\/\",\"https:\/\/mp.weixin.qq.com\/s\/_TZqA11aldTrqLG5oUeoJA\"]}]}<\/script>\n<!-- \/ Yoast SEO plugin. -->","yoast_head_json":{"title":"Sobre Nosotros - Finist SCM","robots":{"index":"index","follow":"follow","max-snippet":"max-snippet:-1","max-image-preview":"max-image-preview:large","max-video-preview":"max-video-preview:-1"},"canonical":"https:\/\/www.finist-scm.com\/es\/sobre-nosotros\/","og_locale":"es_ES","og_type":"article","og_title":"Sobre Nosotros - Finist SCM","og_description":"La din\u00e1mica historia de Finist SCM Finist SCM es un operador log\u00edstico internacional que ofrece servicios complejos de log\u00edstica y gesti\u00f3n de la cadena de suministro en todo el mundo. Unimos a un equipo de profesionales y expertos altamente experimentados que est\u00e1n en constante movimiento por carretera, aire, ferrocarril y agua. Estamos impulsados por un...","og_url":"https:\/\/www.finist-scm.com\/es\/sobre-nosotros\/","og_site_name":"Finist SCM","article_modified_time":"2025-04-30T00:16:53+00:00","og_image":[{"width":1280,"height":849,"url":"https:\/\/www.finist-scm.com\/wp-content\/uploads\/2024\/06\/picups-01-1.jpg","type":"image\/jpeg"}],"twitter_card":"summary_large_image","twitter_misc":{"Tiempo de lectura":"4 minutos"},"schema":{"@context":"https:\/\/schema.org","@graph":[{"@type":"WebPage","@id":"https:\/\/www.finist-scm.com\/es\/sobre-nosotros\/","url":"https:\/\/www.finist-scm.com\/es\/sobre-nosotros\/","name":"Sobre Nosotros - Finist SCM","isPartOf":{"@id":"https:\/\/www.finist-scm.com\/#website"},"primaryImageOfPage":{"@id":"https:\/\/www.finist-scm.com\/es\/sobre-nosotros\/#primaryimage"},"image":{"@id":"https:\/\/www.finist-scm.com\/es\/sobre-nosotros\/#primaryimage"},"thumbnailUrl":"https:\/\/www.finist-scm.com\/wp-content\/uploads\/2024\/06\/picups-01-1.jpg","datePublished":"2017-07-31T12:54:58+00:00","dateModified":"2025-04-30T00:16:53+00:00","breadcrumb":{"@id":"https:\/\/www.finist-scm.com\/es\/sobre-nosotros\/#breadcrumb"},"inLanguage":"es","potentialAction":[{"@type":"ReadAction","target":["https:\/\/www.finist-scm.com\/es\/sobre-nosotros\/"]}]},{"@type":"ImageObject","inLanguage":"es","@id":"https:\/\/www.finist-scm.com\/es\/sobre-nosotros\/#primaryimage","url":"https:\/\/www.finist-scm.com\/wp-content\/uploads\/2024\/06\/picups-01-1.jpg","contentUrl":"https:\/\/www.finist-scm.com\/wp-content\/uploads\/2024\/06\/picups-01-1.jpg","width":1280,"height":849},{"@type":"BreadcrumbList","@id":"https:\/\/www.finist-scm.com\/es\/sobre-nosotros\/#breadcrumb","itemListElement":[{"@type":"ListItem","position":1,"name":"Home","item":"https:\/\/www.finist-scm.com\/es\/"},{"@type":"ListItem","position":2,"name":"Sobre Nosotros"}]},{"@type":"WebSite","@id":"https:\/\/www.finist-scm.com\/#website","url":"https:\/\/www.finist-scm.com\/","name":"Finist SCM","description":"","publisher":{"@id":"https:\/\/www.finist-scm.com\/#organization"},"alternateName":"F-SCM","potentialAction":[{"@type":"SearchAction","target":{"@type":"EntryPoint","urlTemplate":"https:\/\/www.finist-scm.com\/?s={search_term_string}"},"query-input":{"@type":"PropertyValueSpecification","valueRequired":true,"valueName":"search_term_string"}}],"inLanguage":"es"},{"@type":"Organization","@id":"https:\/\/www.finist-scm.com\/#organization","name":"Finist SCM","alternateName":"F-SCM","url":"https:\/\/www.finist-scm.com\/","logo":{"@type":"ImageObject","inLanguage":"es","@id":"https:\/\/www.finist-scm.com\/#\/schema\/logo\/image\/","url":"https:\/\/www.finist-scm.com\/wp-content\/uploads\/2024\/06\/Finist_logo_-3.png","contentUrl":"https:\/\/www.finist-scm.com\/wp-content\/uploads\/2024\/06\/Finist_logo_-3.png","width":500,"height":105,"caption":"Finist SCM"},"image":{"@id":"https:\/\/www.finist-scm.com\/#\/schema\/logo\/image\/"},"sameAs":["https:\/\/t.me\/finistscm","https:\/\/www.linkedin.com\/company\/finist-scm\/","https:\/\/mp.weixin.qq.com\/s\/_TZqA11aldTrqLG5oUeoJA"]}]}},"jetpack_sharing_enabled":true,"_links":{"self":[{"href":"https:\/\/www.finist-scm.com\/es\/wp-json\/wp\/v2\/pages\/989039"}],"collection":[{"href":"https:\/\/www.finist-scm.com\/es\/wp-json\/wp\/v2\/pages"}],"about":[{"href":"https:\/\/www.finist-scm.com\/es\/wp-json\/wp\/v2\/types\/page"}],"author":[{"embeddable":true,"href":"https:\/\/www.finist-scm.com\/es\/wp-json\/wp\/v2\/users\/1"}],"replies":[{"embeddable":true,"href":"https:\/\/www.finist-scm.com\/es\/wp-json\/wp\/v2\/comments?post=989039"}],"version-history":[{"count":21,"href":"https:\/\/www.finist-scm.com\/es\/wp-json\/wp\/v2\/pages\/989039\/revisions"}],"predecessor-version":[{"id":991185,"href":"https:\/\/www.finist-scm.com\/es\/wp-json\/wp\/v2\/pages\/989039\/revisions\/991185"}],"wp:featuredmedia":[{"embeddable":true,"href":"https:\/\/www.finist-scm.com\/es\/wp-json\/wp\/v2\/media\/989367"}],"wp:attachment":[{"href":"https:\/\/www.finist-scm.com\/es\/wp-json\/wp\/v2\/media?parent=989039"}],"curies":[{"name":"wp","href":"https:\/\/api.w.org\/{rel}","templated":true}]}}