{"id":989887,"date":"2024-06-19T14:30:11","date_gmt":"2024-06-19T14:30:11","guid":{"rendered":"https:\/\/www.finist-scm.com\/solutions\/"},"modified":"2024-08-01T08:02:40","modified_gmt":"2024-08-01T08:02:40","slug":"solucoes","status":"publish","type":"page","link":"https:\/\/www.finist-scm.com\/pt-pt\/solucoes\/","title":{"rendered":"Solu\u00e7\u00f5es"},"content":{"rendered":"<div class=\"vgblk-rw-wrapper limit-wrapper\">\r\n<h2 id=\"3pl\">3PL<\/h2>\r\n<p><img loading=\"lazy\" decoding=\"async\" title=\"3 PL\" src=\"http:\/\/www.finist-scm.com\/wp-content\/uploads\/2024\/06\/3-PL-1.jpg\" sizes=\"(max-width: 768px) 100vw, 100vw\" srcset=\"https:\/\/www.finist-scm.com\/wp-content\/uploads\/2024\/06\/3-PL-1.jpg 800w, https:\/\/www.finist-scm.com\/wp-content\/uploads\/2024\/06\/3-PL-1-300x169.jpg 300w, https:\/\/www.finist-scm.com\/wp-content\/uploads\/2024\/06\/3-PL-1-768x432.jpg 768w, https:\/\/www.finist-scm.com\/wp-content\/uploads\/2024\/06\/3-PL-1-630x354.jpg 630w, https:\/\/www.finist-scm.com\/wp-content\/uploads\/2024\/06\/3-PL-1-420x236.jpg 420w, https:\/\/www.finist-scm.com\/wp-content\/uploads\/2024\/06\/3-PL-1-315x177.jpg 315w\" alt=\"3 PL\" width=\"800\" height=\"450\" \/><\/p>\r\n<p>3PL (Log\u00edstica de Terceiros) \u00e9 um servi\u00e7o regular que fornece servi\u00e7os log\u00edsticos terceirizados para parte ou todas as fun\u00e7\u00f5es de gest\u00e3o da cadeia de suprimentos de uma organiza\u00e7\u00e3o.<\/p>\r\n<p>Uma empresa 3PL geralmente oferece servi\u00e7os como transporte, armazenagem e encaminhamento de carga. O 3PL proporciona \u00e0s empresas uma variedade de benef\u00edcios, desde economia de custos e escalabilidade at\u00e9 acesso a expertise e redes globais. Ao colaborar com um provedor 3PL confi\u00e1vel, as organiza\u00e7\u00f5es podem otimizar suas opera\u00e7\u00f5es de cadeia de suprimentos e melhorar a efici\u00eancia geral no competitivo cen\u00e1rio empresarial atual.<\/p>\r\n<p><a role=\"button\" href=\"\/pt-pt\/solucoes\/#getaquote\" target=\"_self\" rel=\"noopener\"> Solicitar um Or\u00e7amento <\/a><\/p>\r\n<h2 id=\"4pl\">4PL<\/h2>\r\n<p>4PL (Log\u00edstica de Quarta Parte) \u00e9 uma forma mais avan\u00e7ada de terceiriza\u00e7\u00e3o log\u00edstica onde uma empresa delega a gest\u00e3o de todas as suas opera\u00e7\u00f5es de cadeia de suprimentos a um provedor 4PL. Neste modelo, um provedor 4PL atua como parceiro estrat\u00e9gico, supervisionando e otimizando toda a cadeia de suprimentos em nome do cliente.<\/p>\r\n<p>Um provedor 4PL coordena e integra as atividades de m\u00faltiplos provedores de log\u00edstica terceirizados para garantir opera\u00e7\u00f5es sem interrup\u00e7\u00f5es em toda a cadeia de suprimentos. Os provedores 4PL utilizam tecnologias avan\u00e7adas como an\u00e1lise de dados, IA, IoT e automa\u00e7\u00e3o para aumentar a visibilidade, transpar\u00eancia e tomada de decis\u00f5es dentro da cadeia de suprimentos.<\/p>\r\n<p><a role=\"button\" href=\"\/pt-pt\/solucoes\/#getaquote\" target=\"_self\" rel=\"noopener\"> Solicitar um Or\u00e7amento <\/a> <img loading=\"lazy\" decoding=\"async\" title=\"4 PL\" src=\"http:\/\/www.finist-scm.com\/wp-content\/uploads\/2024\/06\/4-PL-1.jpg\" sizes=\"(max-width: 768px) 100vw, 100vw\" srcset=\"https:\/\/www.finist-scm.com\/wp-content\/uploads\/2024\/06\/4-PL-1.jpg 800w, https:\/\/www.finist-scm.com\/wp-content\/uploads\/2024\/06\/4-PL-1-300x169.jpg 300w, https:\/\/www.finist-scm.com\/wp-content\/uploads\/2024\/06\/4-PL-1-768x432.jpg 768w, https:\/\/www.finist-scm.com\/wp-content\/uploads\/2024\/06\/4-PL-1-630x354.jpg 630w, https:\/\/www.finist-scm.com\/wp-content\/uploads\/2024\/06\/4-PL-1-420x236.jpg 420w, https:\/\/www.finist-scm.com\/wp-content\/uploads\/2024\/06\/4-PL-1-315x177.jpg 315w\" alt=\"4 PL\" width=\"800\" height=\"450\" \/><\/p>\r\n<h2 id=\"5pl\">5PL<\/h2>\r\n<p><img loading=\"lazy\" decoding=\"async\" title=\"5 PL\" src=\"http:\/\/www.finist-scm.com\/wp-content\/uploads\/2024\/06\/5-PL-1.jpg\" sizes=\"(max-width: 768px) 100vw, 100vw\" srcset=\"https:\/\/www.finist-scm.com\/wp-content\/uploads\/2024\/06\/5-PL-1.jpg 800w, https:\/\/www.finist-scm.com\/wp-content\/uploads\/2024\/06\/5-PL-1-300x169.jpg 300w, https:\/\/www.finist-scm.com\/wp-content\/uploads\/2024\/06\/5-PL-1-768x432.jpg 768w, https:\/\/www.finist-scm.com\/wp-content\/uploads\/2024\/06\/5-PL-1-630x354.jpg 630w, https:\/\/www.finist-scm.com\/wp-content\/uploads\/2024\/06\/5-PL-1-420x236.jpg 420w, https:\/\/www.finist-scm.com\/wp-content\/uploads\/2024\/06\/5-PL-1-315x177.jpg 315w\" alt=\"5 PL\" width=\"800\" height=\"450\" \/><\/p>\r\n<p>Um provedor 5PL (Log\u00edstica de Quinta Parte) \u00e9 um conceito relativamente novo e em evolu\u00e7\u00e3o na ind\u00fastria de log\u00edstica. Um provedor 5PL vai al\u00e9m dos pap\u00e9is tradicionais de 3PLs e 4PLs para oferecer servi\u00e7os de log\u00edstica ainda mais abrangentes e integrados.<\/p>\r\n<p>Um provedor 5PL representa o pr\u00f3ximo n\u00edvel de terceiriza\u00e7\u00e3o log\u00edstica, oferecendo capacidades tecnol\u00f3gicas avan\u00e7adas, pr\u00e1ticas de sustentabilidade, expertise global, estrat\u00e9gias de gest\u00e3o de riscos e solu\u00e7\u00f5es centradas no cliente para ajudar as empresas a navegar pelas complexidades das cadeias de suprimentos modernas e alcan\u00e7ar a excel\u00eancia operacional.<\/p>\r\n<p><a role=\"button\" href=\"\/pt-pt\/solucoes\/#getaquote\" target=\"_self\" rel=\"noopener\"> Solicitar um Or\u00e7amento <\/a><\/p>\r\n<h2 id=\"it\">IT<\/h2>\r\n<p>As solu\u00e7\u00f5es de TI desempenham agora um papel crucial nas opera\u00e7\u00f5es modernas de log\u00edstica, ajudando as empresas a simplificar processos, aumentar a efici\u00eancia, melhorar a visibilidade e otimizar a gest\u00e3o geral da cadeia de abastecimento.<\/p>\r\n<p>A Finist SCM pode ajudar a desenvolver e implementar v\u00e1rias solu\u00e7\u00f5es de software automatizadas, nomeadamente Sistemas de Gest\u00e3o de Transportes (TMS), Sistemas de Gest\u00e3o de Armaz\u00e9ns (WMS), Torre de Controle Log\u00edstico (LCT) e outros. Apoiada por uma equipe de desenvolvedores experientes e especialistas em TI, a Finist SCM pode fornecer uma solu\u00e7\u00e3o de TI adaptada \u00e0s tarefas e exig\u00eancias espec\u00edficas do cliente.<\/p>\r\n<p><a role=\"button\" href=\"\/pt-pt\/solucoes\/#getaquote\" target=\"_self\" rel=\"noopener\"> Solicitar um Or\u00e7amento <\/a> <img loading=\"lazy\" decoding=\"async\" title=\"IT\" src=\"http:\/\/www.finist-scm.com\/wp-content\/uploads\/2024\/06\/IT-1.jpg\" sizes=\"(max-width: 768px) 100vw, 100vw\" srcset=\"https:\/\/www.finist-scm.com\/wp-content\/uploads\/2024\/06\/IT-1.jpg 800w, https:\/\/www.finist-scm.com\/wp-content\/uploads\/2024\/06\/IT-1-300x169.jpg 300w, https:\/\/www.finist-scm.com\/wp-content\/uploads\/2024\/06\/IT-1-768x432.jpg 768w, https:\/\/www.finist-scm.com\/wp-content\/uploads\/2024\/06\/IT-1-630x354.jpg 630w, https:\/\/www.finist-scm.com\/wp-content\/uploads\/2024\/06\/IT-1-420x236.jpg 420w, https:\/\/www.finist-scm.com\/wp-content\/uploads\/2024\/06\/IT-1-315x177.jpg 315w\" alt=\"IT\" width=\"800\" height=\"450\" \/><\/p>\r\n<h2 id=\"getaquote\">Obtenha um Or\u00e7amento para Nossos Servi\u00e7os<\/h2>\r\n\n<div class=\"wpcf7 no-js\" id=\"wpcf7-f989747-o1\" lang=\"en-US\" dir=\"ltr\">\n<div class=\"screen-reader-response\"><p role=\"status\" aria-live=\"polite\" aria-atomic=\"true\"><\/p> <ul><\/ul><\/div>\n<form action=\"\/pt-pt\/wp-json\/wp\/v2\/pages\/989887#wpcf7-f989747-o1\" method=\"post\" class=\"wpcf7-form init\" aria-label=\"Contact form\" novalidate=\"novalidate\" data-status=\"init\">\n<div style=\"display: none;\">\n<input type=\"hidden\" name=\"_wpcf7\" value=\"989747\" \/>\n<input type=\"hidden\" name=\"_wpcf7_version\" value=\"5.9.8\" \/>\n<input type=\"hidden\" name=\"_wpcf7_locale\" value=\"en_US\" \/>\n<input type=\"hidden\" name=\"_wpcf7_unit_tag\" value=\"wpcf7-f989747-o1\" \/>\n<input type=\"hidden\" name=\"_wpcf7_container_post\" value=\"0\" \/>\n<input type=\"hidden\" name=\"_wpcf7_posted_data_hash\" value=\"\" \/>\n<\/div>\n<p><label> Seu nome<br \/>\n<span class=\"wpcf7-form-control-wrap\" data-name=\"your-name\"><input size=\"40\" maxlength=\"400\" class=\"wpcf7-form-control wpcf7-text wpcf7-validates-as-required\" autocomplete=\"name\" aria-required=\"true\" aria-invalid=\"false\" value=\"\" type=\"text\" name=\"your-name\" \/><\/span> <\/label>\n<\/p>\n<p><label> Nome da empresa<br \/>\n<span class=\"wpcf7-form-control-wrap\" data-name=\"your-company\"><input size=\"40\" maxlength=\"400\" class=\"wpcf7-form-control wpcf7-text\" autocomplete=\"company\" aria-invalid=\"false\" value=\"\" type=\"text\" name=\"your-company\" \/><\/span> <\/label>\n<\/p>\n<p><label> N\u00famero de telefone<br \/>\n<span class=\"wpcf7-form-control-wrap\" data-name=\"your-phone\"><input size=\"40\" maxlength=\"400\" class=\"wpcf7-form-control wpcf7-text wpcf7-validates-as-required\" aria-required=\"true\" aria-invalid=\"false\" value=\"\" type=\"text\" name=\"your-phone\" \/><\/span> <\/label>\n<\/p>\n<p><label> Seu e-mail<br \/>\n<span class=\"wpcf7-form-control-wrap\" data-name=\"your-email\"><input size=\"40\" maxlength=\"400\" class=\"wpcf7-form-control wpcf7-email wpcf7-validates-as-required wpcf7-text wpcf7-validates-as-email\" autocomplete=\"email\" aria-required=\"true\" aria-invalid=\"false\" value=\"\" type=\"email\" name=\"your-email\" \/><\/span> <\/label>\n<\/p>\n<p><label> Que tipo de servi\u00e7os log\u00edsticos voc\u00ea precisa?<br \/>\n<span class=\"wpcf7-form-control-wrap\" data-name=\"your-typeofservice\"><input size=\"40\" maxlength=\"400\" class=\"wpcf7-form-control wpcf7-text wpcf7-validates-as-required\" aria-required=\"true\" aria-invalid=\"false\" value=\"\" type=\"text\" name=\"your-typeofservice\" \/><\/span> <\/label>\n<\/p>\n<p><label> Seu coment\u00e1rio<br \/>\n<span class=\"wpcf7-form-control-wrap\" data-name=\"your-message\"><textarea cols=\"40\" rows=\"10\" maxlength=\"2000\" class=\"wpcf7-form-control wpcf7-textarea\" aria-invalid=\"false\" name=\"your-message\"><\/textarea><\/span> <\/label>\n<\/p>\n<p><input class=\"wpcf7-form-control wpcf7-submit has-spinner\" type=\"submit\" value=\"Enviar\" \/>\n<\/p>\n<p><label for=\"g-recaptcha\">Recaptcha<\/label><div class=\"g-recaptcha\" id=\"6a000fdb4e475\" data-theme=\"light\" data-type=\"image\" data-sitekey=\"6LfDbXAqAAAAAOwZ5S-twLVQsOngS90sp12oXELf\" style=\"transform:scale(0.90);-webkit-transform:scale(0.90);transform-origin:0 0;-webkit-transform-origin:0 0;\"><\/div><input id=\"emailHP-6a000fdb4e479\" type=\"text\" class=\"hPot_checker emailHP\" name=\"emailHP\" size=\"25\" value=\"\" placeholder=\"Do not fill in this field\" \/><script type=\"text\/javascript\" charset=\"utf-8\">\r\n\r\n                var onloadCallback = function() {\r\n                        var recaptchas = document.querySelectorAll('div[class=g-recaptcha]');\r\n                        for( i = 0; i < recaptchas.length; i++) {\r\n                                grecaptcha.render( recaptchas[i].id, {\r\n                                        'sitekey' : '6LfDbXAqAAAAAOwZ5S-twLVQsOngS90sp12oXELf',\r\n                                        'theme' : 'light',\r\n                                        'type' : 'image',\r\n                                });\r\n                        }\r\n                }\r\n        <\/script><span class=\"wpcf7-form-control-wrap cta_recaptcha\"><\/span>\n<\/p><div class=\"wpcf7-response-output\" aria-hidden=\"true\"><\/div>\n<\/form>\n<\/div>\n\r\n<\/div><!-- .vgblk-rw-wrapper -->","protected":false},"excerpt":{"rendered":"<p>3PL 3PL (Log\u00edstica de Terceiros) \u00e9 um servi\u00e7o regular que fornece servi\u00e7os log\u00edsticos terceirizados para parte ou todas as fun\u00e7\u00f5es de gest\u00e3o da cadeia de suprimentos de uma organiza\u00e7\u00e3o. Uma empresa 3PL geralmente oferece servi\u00e7os como transporte, armazenagem e encaminhamento de carga. O 3PL proporciona \u00e0s empresas uma variedade de benef\u00edcios, desde economia de custos&#8230;<\/p>\n","protected":false},"author":1,"featured_media":0,"parent":0,"menu_order":0,"comment_status":"closed","ping_status":"closed","template":"","meta":{"inline_featured_image":false,"_uf_show_specific_survey":0,"_uf_disable_surveys":false,"footnotes":""},"yoast_head":"<!-- This site is optimized with the Yoast SEO plugin v23.6 - https:\/\/yoast.com\/wordpress\/plugins\/seo\/ -->\n<title>Solu\u00e7\u00f5es - Finist SCM<\/title>\n<meta name=\"robots\" content=\"index, follow, max-snippet:-1, max-image-preview:large, max-video-preview:-1\" \/>\n<link rel=\"canonical\" href=\"https:\/\/www.finist-scm.com\/pt-pt\/solucoes\/\" \/>\n<meta property=\"og:locale\" content=\"pt_PT\" \/>\n<meta property=\"og:type\" content=\"article\" \/>\n<meta property=\"og:title\" content=\"Solu\u00e7\u00f5es - Finist SCM\" \/>\n<meta property=\"og:description\" content=\"3PL 3PL (Log\u00edstica de Terceiros) \u00e9 um servi\u00e7o regular que fornece servi\u00e7os log\u00edsticos terceirizados para parte ou todas as fun\u00e7\u00f5es de gest\u00e3o da cadeia de suprimentos de uma organiza\u00e7\u00e3o. Uma empresa 3PL geralmente oferece servi\u00e7os como transporte, armazenagem e encaminhamento de carga. O 3PL proporciona \u00e0s empresas uma variedade de benef\u00edcios, desde economia de custos...\" \/>\n<meta property=\"og:url\" content=\"https:\/\/www.finist-scm.com\/pt-pt\/solucoes\/\" \/>\n<meta property=\"og:site_name\" content=\"Finist SCM\" \/>\n<meta property=\"article:modified_time\" content=\"2024-08-01T08:02:40+00:00\" \/>\n<meta property=\"og:image\" content=\"http:\/\/www.finist-scm.com\/wp-content\/uploads\/2024\/06\/3-PL-1.jpg\" \/>\n<meta name=\"twitter:card\" content=\"summary_large_image\" \/>\n<meta name=\"twitter:label1\" content=\"Tempo estimado de leitura\" \/>\n\t<meta name=\"twitter:data1\" content=\"3 minutos\" \/>\n<script type=\"application\/ld+json\" class=\"yoast-schema-graph\">{\"@context\":\"https:\/\/schema.org\",\"@graph\":[{\"@type\":\"WebPage\",\"@id\":\"https:\/\/www.finist-scm.com\/pt-pt\/solucoes\/\",\"url\":\"https:\/\/www.finist-scm.com\/pt-pt\/solucoes\/\",\"name\":\"Solu\u00e7\u00f5es - Finist SCM\",\"isPartOf\":{\"@id\":\"https:\/\/www.finist-scm.com\/#website\"},\"primaryImageOfPage\":{\"@id\":\"https:\/\/www.finist-scm.com\/pt-pt\/solucoes\/#primaryimage\"},\"image\":{\"@id\":\"https:\/\/www.finist-scm.com\/pt-pt\/solucoes\/#primaryimage\"},\"thumbnailUrl\":\"http:\/\/www.finist-scm.com\/wp-content\/uploads\/2024\/06\/3-PL-1.jpg\",\"datePublished\":\"2024-06-19T14:30:11+00:00\",\"dateModified\":\"2024-08-01T08:02:40+00:00\",\"breadcrumb\":{\"@id\":\"https:\/\/www.finist-scm.com\/pt-pt\/solucoes\/#breadcrumb\"},\"inLanguage\":\"pt-PT\",\"potentialAction\":[{\"@type\":\"ReadAction\",\"target\":[\"https:\/\/www.finist-scm.com\/pt-pt\/solucoes\/\"]}]},{\"@type\":\"ImageObject\",\"inLanguage\":\"pt-PT\",\"@id\":\"https:\/\/www.finist-scm.com\/pt-pt\/solucoes\/#primaryimage\",\"url\":\"http:\/\/www.finist-scm.com\/wp-content\/uploads\/2024\/06\/3-PL-1.jpg\",\"contentUrl\":\"http:\/\/www.finist-scm.com\/wp-content\/uploads\/2024\/06\/3-PL-1.jpg\"},{\"@type\":\"BreadcrumbList\",\"@id\":\"https:\/\/www.finist-scm.com\/pt-pt\/solucoes\/#breadcrumb\",\"itemListElement\":[{\"@type\":\"ListItem\",\"position\":1,\"name\":\"Home\",\"item\":\"https:\/\/www.finist-scm.com\/pt-pt\/\"},{\"@type\":\"ListItem\",\"position\":2,\"name\":\"Solu\u00e7\u00f5es\"}]},{\"@type\":\"WebSite\",\"@id\":\"https:\/\/www.finist-scm.com\/#website\",\"url\":\"https:\/\/www.finist-scm.com\/\",\"name\":\"Finist SCM\",\"description\":\"\",\"publisher\":{\"@id\":\"https:\/\/www.finist-scm.com\/#organization\"},\"alternateName\":\"F-SCM\",\"potentialAction\":[{\"@type\":\"SearchAction\",\"target\":{\"@type\":\"EntryPoint\",\"urlTemplate\":\"https:\/\/www.finist-scm.com\/?s={search_term_string}\"},\"query-input\":{\"@type\":\"PropertyValueSpecification\",\"valueRequired\":true,\"valueName\":\"search_term_string\"}}],\"inLanguage\":\"pt-PT\"},{\"@type\":\"Organization\",\"@id\":\"https:\/\/www.finist-scm.com\/#organization\",\"name\":\"Finist SCM\",\"alternateName\":\"F-SCM\",\"url\":\"https:\/\/www.finist-scm.com\/\",\"logo\":{\"@type\":\"ImageObject\",\"inLanguage\":\"pt-PT\",\"@id\":\"https:\/\/www.finist-scm.com\/#\/schema\/logo\/image\/\",\"url\":\"https:\/\/www.finist-scm.com\/wp-content\/uploads\/2024\/06\/Finist_logo_-3.png\",\"contentUrl\":\"https:\/\/www.finist-scm.com\/wp-content\/uploads\/2024\/06\/Finist_logo_-3.png\",\"width\":500,\"height\":105,\"caption\":\"Finist SCM\"},\"image\":{\"@id\":\"https:\/\/www.finist-scm.com\/#\/schema\/logo\/image\/\"},\"sameAs\":[\"https:\/\/t.me\/finistscm\",\"https:\/\/www.linkedin.com\/company\/finist-scm\/\",\"https:\/\/mp.weixin.qq.com\/s\/_TZqA11aldTrqLG5oUeoJA\"]}]}<\/script>\n<!-- \/ Yoast SEO plugin. -->","yoast_head_json":{"title":"Solu\u00e7\u00f5es - Finist SCM","robots":{"index":"index","follow":"follow","max-snippet":"max-snippet:-1","max-image-preview":"max-image-preview:large","max-video-preview":"max-video-preview:-1"},"canonical":"https:\/\/www.finist-scm.com\/pt-pt\/solucoes\/","og_locale":"pt_PT","og_type":"article","og_title":"Solu\u00e7\u00f5es - Finist SCM","og_description":"3PL 3PL (Log\u00edstica de Terceiros) \u00e9 um servi\u00e7o regular que fornece servi\u00e7os log\u00edsticos terceirizados para parte ou todas as fun\u00e7\u00f5es de gest\u00e3o da cadeia de suprimentos de uma organiza\u00e7\u00e3o. Uma empresa 3PL geralmente oferece servi\u00e7os como transporte, armazenagem e encaminhamento de carga. O 3PL proporciona \u00e0s empresas uma variedade de benef\u00edcios, desde economia de custos...","og_url":"https:\/\/www.finist-scm.com\/pt-pt\/solucoes\/","og_site_name":"Finist SCM","article_modified_time":"2024-08-01T08:02:40+00:00","og_image":[{"url":"http:\/\/www.finist-scm.com\/wp-content\/uploads\/2024\/06\/3-PL-1.jpg"}],"twitter_card":"summary_large_image","twitter_misc":{"Tempo estimado de leitura":"3 minutos"},"schema":{"@context":"https:\/\/schema.org","@graph":[{"@type":"WebPage","@id":"https:\/\/www.finist-scm.com\/pt-pt\/solucoes\/","url":"https:\/\/www.finist-scm.com\/pt-pt\/solucoes\/","name":"Solu\u00e7\u00f5es - Finist SCM","isPartOf":{"@id":"https:\/\/www.finist-scm.com\/#website"},"primaryImageOfPage":{"@id":"https:\/\/www.finist-scm.com\/pt-pt\/solucoes\/#primaryimage"},"image":{"@id":"https:\/\/www.finist-scm.com\/pt-pt\/solucoes\/#primaryimage"},"thumbnailUrl":"http:\/\/www.finist-scm.com\/wp-content\/uploads\/2024\/06\/3-PL-1.jpg","datePublished":"2024-06-19T14:30:11+00:00","dateModified":"2024-08-01T08:02:40+00:00","breadcrumb":{"@id":"https:\/\/www.finist-scm.com\/pt-pt\/solucoes\/#breadcrumb"},"inLanguage":"pt-PT","potentialAction":[{"@type":"ReadAction","target":["https:\/\/www.finist-scm.com\/pt-pt\/solucoes\/"]}]},{"@type":"ImageObject","inLanguage":"pt-PT","@id":"https:\/\/www.finist-scm.com\/pt-pt\/solucoes\/#primaryimage","url":"http:\/\/www.finist-scm.com\/wp-content\/uploads\/2024\/06\/3-PL-1.jpg","contentUrl":"http:\/\/www.finist-scm.com\/wp-content\/uploads\/2024\/06\/3-PL-1.jpg"},{"@type":"BreadcrumbList","@id":"https:\/\/www.finist-scm.com\/pt-pt\/solucoes\/#breadcrumb","itemListElement":[{"@type":"ListItem","position":1,"name":"Home","item":"https:\/\/www.finist-scm.com\/pt-pt\/"},{"@type":"ListItem","position":2,"name":"Solu\u00e7\u00f5es"}]},{"@type":"WebSite","@id":"https:\/\/www.finist-scm.com\/#website","url":"https:\/\/www.finist-scm.com\/","name":"Finist SCM","description":"","publisher":{"@id":"https:\/\/www.finist-scm.com\/#organization"},"alternateName":"F-SCM","potentialAction":[{"@type":"SearchAction","target":{"@type":"EntryPoint","urlTemplate":"https:\/\/www.finist-scm.com\/?s={search_term_string}"},"query-input":{"@type":"PropertyValueSpecification","valueRequired":true,"valueName":"search_term_string"}}],"inLanguage":"pt-PT"},{"@type":"Organization","@id":"https:\/\/www.finist-scm.com\/#organization","name":"Finist SCM","alternateName":"F-SCM","url":"https:\/\/www.finist-scm.com\/","logo":{"@type":"ImageObject","inLanguage":"pt-PT","@id":"https:\/\/www.finist-scm.com\/#\/schema\/logo\/image\/","url":"https:\/\/www.finist-scm.com\/wp-content\/uploads\/2024\/06\/Finist_logo_-3.png","contentUrl":"https:\/\/www.finist-scm.com\/wp-content\/uploads\/2024\/06\/Finist_logo_-3.png","width":500,"height":105,"caption":"Finist SCM"},"image":{"@id":"https:\/\/www.finist-scm.com\/#\/schema\/logo\/image\/"},"sameAs":["https:\/\/t.me\/finistscm","https:\/\/www.linkedin.com\/company\/finist-scm\/","https:\/\/mp.weixin.qq.com\/s\/_TZqA11aldTrqLG5oUeoJA"]}]}},"jetpack_sharing_enabled":true,"_links":{"self":[{"href":"https:\/\/www.finist-scm.com\/pt-pt\/wp-json\/wp\/v2\/pages\/989887"}],"collection":[{"href":"https:\/\/www.finist-scm.com\/pt-pt\/wp-json\/wp\/v2\/pages"}],"about":[{"href":"https:\/\/www.finist-scm.com\/pt-pt\/wp-json\/wp\/v2\/types\/page"}],"author":[{"embeddable":true,"href":"https:\/\/www.finist-scm.com\/pt-pt\/wp-json\/wp\/v2\/users\/1"}],"replies":[{"embeddable":true,"href":"https:\/\/www.finist-scm.com\/pt-pt\/wp-json\/wp\/v2\/comments?post=989887"}],"version-history":[{"count":6,"href":"https:\/\/www.finist-scm.com\/pt-pt\/wp-json\/wp\/v2\/pages\/989887\/revisions"}],"predecessor-version":[{"id":990624,"href":"https:\/\/www.finist-scm.com\/pt-pt\/wp-json\/wp\/v2\/pages\/989887\/revisions\/990624"}],"wp:attachment":[{"href":"https:\/\/www.finist-scm.com\/pt-pt\/wp-json\/wp\/v2\/media?parent=989887"}],"curies":[{"name":"wp","href":"https:\/\/api.w.org\/{rel}","templated":true}]}}