{"id":989888,"date":"2024-06-19T14:30:11","date_gmt":"2024-06-19T14:30:11","guid":{"rendered":"https:\/\/www.finist-scm.com\/solutions\/"},"modified":"2024-08-01T08:07:55","modified_gmt":"2024-08-01T08:07:55","slug":"resenja","status":"publish","type":"page","link":"https:\/\/www.finist-scm.com\/sr\/resenja\/","title":{"rendered":"Re\u0161enja"},"content":{"rendered":"<div class=\"vgblk-rw-wrapper limit-wrapper\">\r\n<h2 id=\"3pl\">3PL<\/h2>\r\n<p><img loading=\"lazy\" decoding=\"async\" title=\"3 PL\" src=\"http:\/\/www.finist-scm.com\/wp-content\/uploads\/2024\/06\/3-PL-1.jpg\" sizes=\"(max-width: 768px) 100vw, 100vw\" srcset=\"https:\/\/www.finist-scm.com\/wp-content\/uploads\/2024\/06\/3-PL-1.jpg 800w, https:\/\/www.finist-scm.com\/wp-content\/uploads\/2024\/06\/3-PL-1-300x169.jpg 300w, https:\/\/www.finist-scm.com\/wp-content\/uploads\/2024\/06\/3-PL-1-768x432.jpg 768w, https:\/\/www.finist-scm.com\/wp-content\/uploads\/2024\/06\/3-PL-1-630x354.jpg 630w, https:\/\/www.finist-scm.com\/wp-content\/uploads\/2024\/06\/3-PL-1-420x236.jpg 420w, https:\/\/www.finist-scm.com\/wp-content\/uploads\/2024\/06\/3-PL-1-315x177.jpg 315w\" alt=\"3 PL\" width=\"800\" height=\"450\" \/><\/p>\r\n<p>3PL (logistika tre\u0107e strane) je redovna usluga koja pru\u017ea outsourcing logisti\u010dkih usluga za deo ili celokupnu funkciju upravljanja lancem snabdevanja organizacije.<\/p>\r\n<p>Kompanija koja se bavi 3PL obi\u010dno nudi usluge kao \u0161to su transport, skladi\u0161tenje i \u0161pedicija. 3PL pru\u017ea preduze\u0107ima niz prednosti, od u\u0161teda u tro\u0161kovima i skalabilnosti do pristupa stru\u010dnosti i globalnim mre\u017eama. Partnerstvom sa pouzdanim 3PL provajderom, organizacije mogu optimizovati operacije svojih lanaca snabdevanja i pobolj\u0161ati ukupnu efikasnost u dana\u0161njem konkurentnom poslovnom okru\u017eenju.<\/p>\r\n<p><a role=\"button\" href=\"\/sr\/resenja\/#getaquote\" target=\"_self\" rel=\"noopener\"> Zatra\u017eiti Ponudu <\/a><\/p>\r\n<h2 id=\"4pl\">4PL<\/h2>\r\n<p>4PL (logistika \u010detvrte strane) je naprednija forma outsourcinga logistike gde kompanija outsourcuje upravljanje svojim celokupnim operacijama lanca snabdevanja 4PL provajderu. U ovom modelu, 4PL provajder deluje kao strate\u0161ki partner, nadgledaju\u0107i i optimizuju\u0107i ceo lanac snabdevanja u ime klijenta.<\/p>\r\n<p>4PL provajder koordini\u0161e i integri\u0161e aktivnosti vi\u0161e provajdera logistike tre\u0107e strane kako bi obezbedio neometano funkcionisanje celog lanca snabdevanja. 4PL provajderi koriste napredne tehnologije poput analitike podataka, ve\u0161ta\u010dke inteligencije, Interneta stvari (IoT) i automatizacije kako bi pobolj\u0161ali vidljivost, transparentnost i dono\u0161enje odluka unutar lanca snabdevanja.<\/p>\r\n<p><a role=\"button\" href=\"\/sr\/resenja\/#getaquote\" target=\"_self\" rel=\"noopener\"> Zatra\u017eiti Ponudu <\/a> <img loading=\"lazy\" decoding=\"async\" title=\"4 PL\" src=\"http:\/\/www.finist-scm.com\/wp-content\/uploads\/2024\/06\/4-PL-1.jpg\" sizes=\"(max-width: 768px) 100vw, 100vw\" srcset=\"https:\/\/www.finist-scm.com\/wp-content\/uploads\/2024\/06\/4-PL-1.jpg 800w, https:\/\/www.finist-scm.com\/wp-content\/uploads\/2024\/06\/4-PL-1-300x169.jpg 300w, https:\/\/www.finist-scm.com\/wp-content\/uploads\/2024\/06\/4-PL-1-768x432.jpg 768w, https:\/\/www.finist-scm.com\/wp-content\/uploads\/2024\/06\/4-PL-1-630x354.jpg 630w, https:\/\/www.finist-scm.com\/wp-content\/uploads\/2024\/06\/4-PL-1-420x236.jpg 420w, https:\/\/www.finist-scm.com\/wp-content\/uploads\/2024\/06\/4-PL-1-315x177.jpg 315w\" alt=\"4 PL\" width=\"800\" height=\"450\" \/><\/p>\r\n<h2 id=\"5pl\">5PL<\/h2>\r\n<p><img loading=\"lazy\" decoding=\"async\" title=\"5 PL\" src=\"http:\/\/www.finist-scm.com\/wp-content\/uploads\/2024\/06\/5-PL-1.jpg\" sizes=\"(max-width: 768px) 100vw, 100vw\" srcset=\"https:\/\/www.finist-scm.com\/wp-content\/uploads\/2024\/06\/5-PL-1.jpg 800w, https:\/\/www.finist-scm.com\/wp-content\/uploads\/2024\/06\/5-PL-1-300x169.jpg 300w, https:\/\/www.finist-scm.com\/wp-content\/uploads\/2024\/06\/5-PL-1-768x432.jpg 768w, https:\/\/www.finist-scm.com\/wp-content\/uploads\/2024\/06\/5-PL-1-630x354.jpg 630w, https:\/\/www.finist-scm.com\/wp-content\/uploads\/2024\/06\/5-PL-1-420x236.jpg 420w, https:\/\/www.finist-scm.com\/wp-content\/uploads\/2024\/06\/5-PL-1-315x177.jpg 315w\" alt=\"5 PL\" width=\"800\" height=\"450\" \/><\/p>\r\n<p>Provajder 5PL (logistika pete strane) je relativno nov i razvijaju\u0107i se koncept u industriji logistike. Provajder 5PL ide dalje od tradicionalnih uloga 3PL-a i 4PL-a kako bi ponudio jo\u0161 sveobuhvatnije i integrisane usluge logistike.<\/p>\r\n<p>Provajder 5PL predstavlja slede\u0107i nivo outsourcinga logistike, nude\u0107i napredne tehnolo\u0161ke mogu\u0107nosti, prakse odr\u017eivosti, globalno znanje, strategije upravljanja rizicima i re\u0161enja usmerena na kupca kako bi pomogao kompanijama da se suo\u010de sa slo\u017eenostima savremenih lanaca snabdevanja i postignu operativnu izvrsnost.<\/p>\r\n<p><a role=\"button\" href=\"\/sr\/resenja\/#getaquote\" target=\"_self\" rel=\"noopener\"> Zatra\u017eiti Ponudu <\/a><\/p>\r\n<h2 id=\"it\">IT<\/h2>\r\n<p>IT re\u0161enja sada igraju klju\u010dnu ulogu u modernim operacijama logistike, poma\u017eu\u0107i kompanijama da optimizuju procese, pove\u0107aju efikasnost, pobolj\u0161aju vidljivost i optimizuju upravljanje celokupnim lancem snabdevanja.<\/p>\r\n<p>Finist SCM mo\u017ee pomo\u0107i u razvoju i implementaciji razli\u010ditih automatizovanih softverskih re\u0161enja, kao \u0161to su Sistemi za Upravljanje Transportom (TMS), Sistemi za Upravljanje Skladi\u0161tima (WMS), Logisti\u010dka Kontrolna Kula (LCT) i drugi. Podr\u017eana timom iskusnih programera i IT stru\u010dnjaka, Finist SCM mo\u017ee pru\u017eiti IT re\u0161enje prilago\u0111eno specifi\u010dnim zadacima i zahtevima klijenata.<\/p>\r\n<p><a role=\"button\" href=\"\/sr\/resenja\/#getaquote\" target=\"_self\" rel=\"noopener\"> Zatra\u017eiti Ponudu <\/a> <img loading=\"lazy\" decoding=\"async\" title=\"IT\" src=\"http:\/\/www.finist-scm.com\/wp-content\/uploads\/2024\/06\/IT-1.jpg\" sizes=\"(max-width: 768px) 100vw, 100vw\" srcset=\"https:\/\/www.finist-scm.com\/wp-content\/uploads\/2024\/06\/IT-1.jpg 800w, https:\/\/www.finist-scm.com\/wp-content\/uploads\/2024\/06\/IT-1-300x169.jpg 300w, https:\/\/www.finist-scm.com\/wp-content\/uploads\/2024\/06\/IT-1-768x432.jpg 768w, https:\/\/www.finist-scm.com\/wp-content\/uploads\/2024\/06\/IT-1-630x354.jpg 630w, https:\/\/www.finist-scm.com\/wp-content\/uploads\/2024\/06\/IT-1-420x236.jpg 420w, https:\/\/www.finist-scm.com\/wp-content\/uploads\/2024\/06\/IT-1-315x177.jpg 315w\" alt=\"IT\" width=\"800\" height=\"450\" \/><\/p>\r\n<h2 id=\"getaquote\">Dobijte Ponudu za Na\u0161e Usluge<\/h2>\r\n\n<div class=\"wpcf7 no-js\" id=\"wpcf7-f989748-o1\" lang=\"en-US\" dir=\"ltr\">\n<div class=\"screen-reader-response\"><p role=\"status\" aria-live=\"polite\" aria-atomic=\"true\"><\/p> <ul><\/ul><\/div>\n<form action=\"\/sr\/wp-json\/wp\/v2\/pages\/989888#wpcf7-f989748-o1\" method=\"post\" class=\"wpcf7-form init\" aria-label=\"Contact form\" novalidate=\"novalidate\" data-status=\"init\">\n<div style=\"display: none;\">\n<input type=\"hidden\" name=\"_wpcf7\" value=\"989748\" \/>\n<input type=\"hidden\" name=\"_wpcf7_version\" value=\"5.9.8\" \/>\n<input type=\"hidden\" name=\"_wpcf7_locale\" value=\"en_US\" \/>\n<input type=\"hidden\" name=\"_wpcf7_unit_tag\" value=\"wpcf7-f989748-o1\" \/>\n<input type=\"hidden\" name=\"_wpcf7_container_post\" value=\"0\" \/>\n<input type=\"hidden\" name=\"_wpcf7_posted_data_hash\" value=\"\" \/>\n<\/div>\n<p><label> Va\u0161e ime<br \/>\n<span class=\"wpcf7-form-control-wrap\" data-name=\"your-name\"><input size=\"40\" maxlength=\"400\" class=\"wpcf7-form-control wpcf7-text wpcf7-validates-as-required\" autocomplete=\"name\" aria-required=\"true\" aria-invalid=\"false\" value=\"\" type=\"text\" name=\"your-name\" \/><\/span> <\/label>\n<\/p>\n<p><label> Ime kompanije<br \/>\n<span class=\"wpcf7-form-control-wrap\" data-name=\"your-company\"><input size=\"40\" maxlength=\"400\" class=\"wpcf7-form-control wpcf7-text\" autocomplete=\"company\" aria-invalid=\"false\" value=\"\" type=\"text\" name=\"your-company\" \/><\/span> <\/label>\n<\/p>\n<p><label> Broj telefona<br \/>\n<span class=\"wpcf7-form-control-wrap\" data-name=\"your-phone\"><input size=\"40\" maxlength=\"400\" class=\"wpcf7-form-control wpcf7-text wpcf7-validates-as-required\" aria-required=\"true\" aria-invalid=\"false\" value=\"\" type=\"text\" name=\"your-phone\" \/><\/span> <\/label>\n<\/p>\n<p><label> Va\u0161 email<br \/>\n<span class=\"wpcf7-form-control-wrap\" data-name=\"your-email\"><input size=\"40\" maxlength=\"400\" class=\"wpcf7-form-control wpcf7-email wpcf7-validates-as-required wpcf7-text wpcf7-validates-as-email\" autocomplete=\"email\" aria-required=\"true\" aria-invalid=\"false\" value=\"\" type=\"email\" name=\"your-email\" \/><\/span> <\/label>\n<\/p>\n<p><label> Koje vrste logisti\u010dkih usluga su vam potrebne?<br \/>\n<span class=\"wpcf7-form-control-wrap\" data-name=\"your-typeofservice\"><input size=\"40\" maxlength=\"400\" class=\"wpcf7-form-control wpcf7-text wpcf7-validates-as-required\" aria-required=\"true\" aria-invalid=\"false\" value=\"\" type=\"text\" name=\"your-typeofservice\" \/><\/span> <\/label>\n<\/p>\n<p><label> Va\u0161 komentar<br \/>\n<span class=\"wpcf7-form-control-wrap\" data-name=\"your-message\"><textarea cols=\"40\" rows=\"10\" maxlength=\"2000\" class=\"wpcf7-form-control wpcf7-textarea\" aria-invalid=\"false\" name=\"your-message\"><\/textarea><\/span> <\/label>\n<\/p>\n<p><input class=\"wpcf7-form-control wpcf7-submit has-spinner\" type=\"submit\" value=\"Po\u0161aljite\" \/>\n<\/p>\n<p><label for=\"g-recaptcha\">Recaptcha<\/label><div class=\"g-recaptcha\" id=\"69f3230693d76\" data-theme=\"light\" data-type=\"image\" data-sitekey=\"6LfDbXAqAAAAAOwZ5S-twLVQsOngS90sp12oXELf\" style=\"transform:scale(0.90);-webkit-transform:scale(0.90);transform-origin:0 0;-webkit-transform-origin:0 0;\"><\/div><input id=\"emailHP-69f3230693d79\" type=\"text\" class=\"hPot_checker emailHP\" name=\"emailHP\" size=\"25\" value=\"\" placeholder=\"Do not fill in this field\" \/><script type=\"text\/javascript\" charset=\"utf-8\">\r\n\r\n                var onloadCallback = function() {\r\n                        var recaptchas = document.querySelectorAll('div[class=g-recaptcha]');\r\n                        for( i = 0; i < recaptchas.length; i++) {\r\n                                grecaptcha.render( recaptchas[i].id, {\r\n                                        'sitekey' : '6LfDbXAqAAAAAOwZ5S-twLVQsOngS90sp12oXELf',\r\n                                        'theme' : 'light',\r\n                                        'type' : 'image',\r\n                                });\r\n                        }\r\n                }\r\n        <\/script><span class=\"wpcf7-form-control-wrap cta_recaptcha\"><\/span>\n<\/p><div class=\"wpcf7-response-output\" aria-hidden=\"true\"><\/div>\n<\/form>\n<\/div>\n\r\n<\/div><!-- .vgblk-rw-wrapper -->","protected":false},"excerpt":{"rendered":"<p>3PL 3PL (logistika tre\u0107e strane) je redovna usluga koja pru\u017ea outsourcing logisti\u010dkih usluga za deo ili celokupnu funkciju upravljanja lancem snabdevanja organizacije. Kompanija koja se bavi 3PL obi\u010dno nudi usluge kao \u0161to su transport, skladi\u0161tenje i \u0161pedicija. 3PL pru\u017ea preduze\u0107ima niz prednosti, od u\u0161teda u tro\u0161kovima i skalabilnosti do pristupa stru\u010dnosti i globalnim mre\u017eama. Partnerstvom&#8230;<\/p>\n","protected":false},"author":1,"featured_media":0,"parent":0,"menu_order":0,"comment_status":"closed","ping_status":"closed","template":"","meta":{"inline_featured_image":false,"_uf_show_specific_survey":0,"_uf_disable_surveys":false,"footnotes":""},"yoast_head":"<!-- This site is optimized with the Yoast SEO plugin v23.6 - https:\/\/yoast.com\/wordpress\/plugins\/seo\/ -->\n<title>Re\u0161enja - Finist SCM<\/title>\n<meta name=\"robots\" content=\"index, follow, max-snippet:-1, max-image-preview:large, max-video-preview:-1\" \/>\n<link rel=\"canonical\" href=\"https:\/\/www.finist-scm.com\/sr\/resenja\/\" \/>\n<meta property=\"og:locale\" content=\"sr_RS\" \/>\n<meta property=\"og:type\" content=\"article\" \/>\n<meta property=\"og:title\" content=\"Re\u0161enja - Finist SCM\" \/>\n<meta property=\"og:description\" content=\"3PL 3PL (logistika tre\u0107e strane) je redovna usluga koja pru\u017ea outsourcing logisti\u010dkih usluga za deo ili celokupnu funkciju upravljanja lancem snabdevanja organizacije. Kompanija koja se bavi 3PL obi\u010dno nudi usluge kao \u0161to su transport, skladi\u0161tenje i \u0161pedicija. 3PL pru\u017ea preduze\u0107ima niz prednosti, od u\u0161teda u tro\u0161kovima i skalabilnosti do pristupa stru\u010dnosti i globalnim mre\u017eama. Partnerstvom...\" \/>\n<meta property=\"og:url\" content=\"https:\/\/www.finist-scm.com\/sr\/resenja\/\" \/>\n<meta property=\"og:site_name\" content=\"Finist SCM\" \/>\n<meta property=\"article:modified_time\" content=\"2024-08-01T08:07:55+00:00\" \/>\n<meta property=\"og:image\" content=\"http:\/\/www.finist-scm.com\/wp-content\/uploads\/2024\/06\/3-PL-1.jpg\" \/>\n<meta name=\"twitter:card\" content=\"summary_large_image\" \/>\n<meta name=\"twitter:label1\" content=\"\u041f\u0440\u043e\u0446\u0435\u045a\u0435\u043d\u043e \u0432\u0440\u0435\u043c\u0435 \u0447\u0438\u0442\u0430\u045a\u0430\" \/>\n\t<meta name=\"twitter:data1\" content=\"3 \u043c\u0438\u043d\u0443\u0442\u0430\" \/>\n<script type=\"application\/ld+json\" class=\"yoast-schema-graph\">{\"@context\":\"https:\/\/schema.org\",\"@graph\":[{\"@type\":\"WebPage\",\"@id\":\"https:\/\/www.finist-scm.com\/sr\/resenja\/\",\"url\":\"https:\/\/www.finist-scm.com\/sr\/resenja\/\",\"name\":\"Re\u0161enja - Finist SCM\",\"isPartOf\":{\"@id\":\"https:\/\/www.finist-scm.com\/#website\"},\"primaryImageOfPage\":{\"@id\":\"https:\/\/www.finist-scm.com\/sr\/resenja\/#primaryimage\"},\"image\":{\"@id\":\"https:\/\/www.finist-scm.com\/sr\/resenja\/#primaryimage\"},\"thumbnailUrl\":\"http:\/\/www.finist-scm.com\/wp-content\/uploads\/2024\/06\/3-PL-1.jpg\",\"datePublished\":\"2024-06-19T14:30:11+00:00\",\"dateModified\":\"2024-08-01T08:07:55+00:00\",\"breadcrumb\":{\"@id\":\"https:\/\/www.finist-scm.com\/sr\/resenja\/#breadcrumb\"},\"inLanguage\":\"sr-RS\",\"potentialAction\":[{\"@type\":\"ReadAction\",\"target\":[\"https:\/\/www.finist-scm.com\/sr\/resenja\/\"]}]},{\"@type\":\"ImageObject\",\"inLanguage\":\"sr-RS\",\"@id\":\"https:\/\/www.finist-scm.com\/sr\/resenja\/#primaryimage\",\"url\":\"http:\/\/www.finist-scm.com\/wp-content\/uploads\/2024\/06\/3-PL-1.jpg\",\"contentUrl\":\"http:\/\/www.finist-scm.com\/wp-content\/uploads\/2024\/06\/3-PL-1.jpg\"},{\"@type\":\"BreadcrumbList\",\"@id\":\"https:\/\/www.finist-scm.com\/sr\/resenja\/#breadcrumb\",\"itemListElement\":[{\"@type\":\"ListItem\",\"position\":1,\"name\":\"Home\",\"item\":\"https:\/\/www.finist-scm.com\/sr\/\"},{\"@type\":\"ListItem\",\"position\":2,\"name\":\"Re\u0161enja\"}]},{\"@type\":\"WebSite\",\"@id\":\"https:\/\/www.finist-scm.com\/#website\",\"url\":\"https:\/\/www.finist-scm.com\/\",\"name\":\"Finist SCM\",\"description\":\"\",\"publisher\":{\"@id\":\"https:\/\/www.finist-scm.com\/#organization\"},\"alternateName\":\"F-SCM\",\"potentialAction\":[{\"@type\":\"SearchAction\",\"target\":{\"@type\":\"EntryPoint\",\"urlTemplate\":\"https:\/\/www.finist-scm.com\/?s={search_term_string}\"},\"query-input\":{\"@type\":\"PropertyValueSpecification\",\"valueRequired\":true,\"valueName\":\"search_term_string\"}}],\"inLanguage\":\"sr-RS\"},{\"@type\":\"Organization\",\"@id\":\"https:\/\/www.finist-scm.com\/#organization\",\"name\":\"Finist SCM\",\"alternateName\":\"F-SCM\",\"url\":\"https:\/\/www.finist-scm.com\/\",\"logo\":{\"@type\":\"ImageObject\",\"inLanguage\":\"sr-RS\",\"@id\":\"https:\/\/www.finist-scm.com\/#\/schema\/logo\/image\/\",\"url\":\"https:\/\/www.finist-scm.com\/wp-content\/uploads\/2024\/06\/Finist_logo_-3.png\",\"contentUrl\":\"https:\/\/www.finist-scm.com\/wp-content\/uploads\/2024\/06\/Finist_logo_-3.png\",\"width\":500,\"height\":105,\"caption\":\"Finist SCM\"},\"image\":{\"@id\":\"https:\/\/www.finist-scm.com\/#\/schema\/logo\/image\/\"},\"sameAs\":[\"https:\/\/t.me\/finistscm\",\"https:\/\/www.linkedin.com\/company\/finist-scm\/\",\"https:\/\/mp.weixin.qq.com\/s\/_TZqA11aldTrqLG5oUeoJA\"]}]}<\/script>\n<!-- \/ Yoast SEO plugin. -->","yoast_head_json":{"title":"Re\u0161enja - Finist SCM","robots":{"index":"index","follow":"follow","max-snippet":"max-snippet:-1","max-image-preview":"max-image-preview:large","max-video-preview":"max-video-preview:-1"},"canonical":"https:\/\/www.finist-scm.com\/sr\/resenja\/","og_locale":"sr_RS","og_type":"article","og_title":"Re\u0161enja - Finist SCM","og_description":"3PL 3PL (logistika tre\u0107e strane) je redovna usluga koja pru\u017ea outsourcing logisti\u010dkih usluga za deo ili celokupnu funkciju upravljanja lancem snabdevanja organizacije. Kompanija koja se bavi 3PL obi\u010dno nudi usluge kao \u0161to su transport, skladi\u0161tenje i \u0161pedicija. 3PL pru\u017ea preduze\u0107ima niz prednosti, od u\u0161teda u tro\u0161kovima i skalabilnosti do pristupa stru\u010dnosti i globalnim mre\u017eama. Partnerstvom...","og_url":"https:\/\/www.finist-scm.com\/sr\/resenja\/","og_site_name":"Finist SCM","article_modified_time":"2024-08-01T08:07:55+00:00","og_image":[{"url":"http:\/\/www.finist-scm.com\/wp-content\/uploads\/2024\/06\/3-PL-1.jpg"}],"twitter_card":"summary_large_image","twitter_misc":{"\u041f\u0440\u043e\u0446\u0435\u045a\u0435\u043d\u043e \u0432\u0440\u0435\u043c\u0435 \u0447\u0438\u0442\u0430\u045a\u0430":"3 \u043c\u0438\u043d\u0443\u0442\u0430"},"schema":{"@context":"https:\/\/schema.org","@graph":[{"@type":"WebPage","@id":"https:\/\/www.finist-scm.com\/sr\/resenja\/","url":"https:\/\/www.finist-scm.com\/sr\/resenja\/","name":"Re\u0161enja - Finist SCM","isPartOf":{"@id":"https:\/\/www.finist-scm.com\/#website"},"primaryImageOfPage":{"@id":"https:\/\/www.finist-scm.com\/sr\/resenja\/#primaryimage"},"image":{"@id":"https:\/\/www.finist-scm.com\/sr\/resenja\/#primaryimage"},"thumbnailUrl":"http:\/\/www.finist-scm.com\/wp-content\/uploads\/2024\/06\/3-PL-1.jpg","datePublished":"2024-06-19T14:30:11+00:00","dateModified":"2024-08-01T08:07:55+00:00","breadcrumb":{"@id":"https:\/\/www.finist-scm.com\/sr\/resenja\/#breadcrumb"},"inLanguage":"sr-RS","potentialAction":[{"@type":"ReadAction","target":["https:\/\/www.finist-scm.com\/sr\/resenja\/"]}]},{"@type":"ImageObject","inLanguage":"sr-RS","@id":"https:\/\/www.finist-scm.com\/sr\/resenja\/#primaryimage","url":"http:\/\/www.finist-scm.com\/wp-content\/uploads\/2024\/06\/3-PL-1.jpg","contentUrl":"http:\/\/www.finist-scm.com\/wp-content\/uploads\/2024\/06\/3-PL-1.jpg"},{"@type":"BreadcrumbList","@id":"https:\/\/www.finist-scm.com\/sr\/resenja\/#breadcrumb","itemListElement":[{"@type":"ListItem","position":1,"name":"Home","item":"https:\/\/www.finist-scm.com\/sr\/"},{"@type":"ListItem","position":2,"name":"Re\u0161enja"}]},{"@type":"WebSite","@id":"https:\/\/www.finist-scm.com\/#website","url":"https:\/\/www.finist-scm.com\/","name":"Finist SCM","description":"","publisher":{"@id":"https:\/\/www.finist-scm.com\/#organization"},"alternateName":"F-SCM","potentialAction":[{"@type":"SearchAction","target":{"@type":"EntryPoint","urlTemplate":"https:\/\/www.finist-scm.com\/?s={search_term_string}"},"query-input":{"@type":"PropertyValueSpecification","valueRequired":true,"valueName":"search_term_string"}}],"inLanguage":"sr-RS"},{"@type":"Organization","@id":"https:\/\/www.finist-scm.com\/#organization","name":"Finist SCM","alternateName":"F-SCM","url":"https:\/\/www.finist-scm.com\/","logo":{"@type":"ImageObject","inLanguage":"sr-RS","@id":"https:\/\/www.finist-scm.com\/#\/schema\/logo\/image\/","url":"https:\/\/www.finist-scm.com\/wp-content\/uploads\/2024\/06\/Finist_logo_-3.png","contentUrl":"https:\/\/www.finist-scm.com\/wp-content\/uploads\/2024\/06\/Finist_logo_-3.png","width":500,"height":105,"caption":"Finist SCM"},"image":{"@id":"https:\/\/www.finist-scm.com\/#\/schema\/logo\/image\/"},"sameAs":["https:\/\/t.me\/finistscm","https:\/\/www.linkedin.com\/company\/finist-scm\/","https:\/\/mp.weixin.qq.com\/s\/_TZqA11aldTrqLG5oUeoJA"]}]}},"jetpack_sharing_enabled":true,"_links":{"self":[{"href":"https:\/\/www.finist-scm.com\/sr\/wp-json\/wp\/v2\/pages\/989888"}],"collection":[{"href":"https:\/\/www.finist-scm.com\/sr\/wp-json\/wp\/v2\/pages"}],"about":[{"href":"https:\/\/www.finist-scm.com\/sr\/wp-json\/wp\/v2\/types\/page"}],"author":[{"embeddable":true,"href":"https:\/\/www.finist-scm.com\/sr\/wp-json\/wp\/v2\/users\/1"}],"replies":[{"embeddable":true,"href":"https:\/\/www.finist-scm.com\/sr\/wp-json\/wp\/v2\/comments?post=989888"}],"version-history":[{"count":6,"href":"https:\/\/www.finist-scm.com\/sr\/wp-json\/wp\/v2\/pages\/989888\/revisions"}],"predecessor-version":[{"id":990627,"href":"https:\/\/www.finist-scm.com\/sr\/wp-json\/wp\/v2\/pages\/989888\/revisions\/990627"}],"wp:attachment":[{"href":"https:\/\/www.finist-scm.com\/sr\/wp-json\/wp\/v2\/media?parent=989888"}],"curies":[{"name":"wp","href":"https:\/\/api.w.org\/{rel}","templated":true}]}}