{"id":989915,"date":"2017-04-25T22:40:51","date_gmt":"2017-04-25T22:40:51","guid":{"rendered":"https:\/\/www.finist-scm.com\/services\/"},"modified":"2024-08-01T08:10:52","modified_gmt":"2024-08-01T08:10:52","slug":"usluge","status":"publish","type":"page","link":"https:\/\/www.finist-scm.com\/sr\/usluge\/","title":{"rendered":"Usluge"},"content":{"rendered":"<div class=\"vgblk-rw-wrapper limit-wrapper\">\r\n<h2 id=\"air\">Avio Prevoz<\/h2>\r\n<h4>Brza i Sigurna Dostava \u0160irom Sveta<\/h4>\r\n<p><img loading=\"lazy\" decoding=\"async\" title=\"Air\" src=\"http:\/\/www.finist-scm.com\/wp-content\/uploads\/2024\/06\/Air-1.jpg\" sizes=\"(max-width: 768px) 100vw, 100vw\" srcset=\"https:\/\/www.finist-scm.com\/wp-content\/uploads\/2024\/06\/Air-1.jpg 800w, https:\/\/www.finist-scm.com\/wp-content\/uploads\/2024\/06\/Air-1-300x169.jpg 300w, https:\/\/www.finist-scm.com\/wp-content\/uploads\/2024\/06\/Air-1-768x432.jpg 768w, https:\/\/www.finist-scm.com\/wp-content\/uploads\/2024\/06\/Air-1-630x354.jpg 630w, https:\/\/www.finist-scm.com\/wp-content\/uploads\/2024\/06\/Air-1-420x236.jpg 420w, https:\/\/www.finist-scm.com\/wp-content\/uploads\/2024\/06\/Air-1-315x177.jpg 315w\" alt=\"Air\" width=\"800\" height=\"450\" \/><\/p>\r\n<ul>\r\n<li>Me\u0111unarodni Avio Prevoz<\/li>\r\n<li>Domac\u0301i Avio Prevoz<\/li>\r\n<li>Preuzimanje i Pakovanje<\/li>\r\n<li>Pra\u0107enje i Tracing<\/li>\r\n<li>Konsolidacija<\/li>\r\n<li>Uvoz\/Izvoz\/Tranzit<\/li>\r\n<li>Carinjenje na Aerodromu<\/li>\r\n<li>Dostava od Vrata do Vrata<\/li>\r\n<li>Opasna Roba<\/li>\r\n<li>Roba sa Kontrolisanom Temperaturom<\/li>\r\n<li>Re\u0161enja za E-trgovinu<\/li>\r\n<li>\u010carteri i Projekti<\/li>\r\n<\/ul>\r\n<p><a role=\"button\" href=\"\/sr\/usluge\/#getaquote\" target=\"_self\" rel=\"noopener\"> Zatra\u017eite Ponudu <\/a><\/p>\r\n<h2 id=\"sea\">Pomorski Prevoz<\/h2>\r\n<h4>Najbolje Ekonomi\u010dno Re\u0161enje za Transport sa Globalnim Dosegom<\/h4>\r\n<ul>\r\n<li>Kompletno Punjenje Kontejnera (FCL)<\/li>\r\n<li>Manje od Punjenja Kontejnera (LCL)<\/li>\r\n<li>Ro-Ro Transport<\/li>\r\n<li>Transport Rasute Tereta<\/li>\r\n<li>Break Bulk Transport<\/li>\r\n<li>Hladnja\u010da Transport<\/li>\r\n<li>Projektni Teret i Te\u0161ki Lift<\/li>\r\n<li>Transport Opasnih Materijala<\/li>\r\n<li>Carinjenje u Lukama<\/li>\r\n<li>Konsolidacija Tereta<\/li>\r\n<li>Pra\u0107enje Kontejnera<\/li>\r\n<li>\u010carter Usluge<\/li>\r\n<\/ul>\r\n<p><a role=\"button\" href=\"\/sr\/usluge\/#getaquote\" target=\"_self\" rel=\"noopener\"> Zatra\u017eite Ponudu <\/a> <img loading=\"lazy\" decoding=\"async\" title=\"Sea\" src=\"http:\/\/www.finist-scm.com\/wp-content\/uploads\/2024\/06\/Sea-1.jpg\" sizes=\"(max-width: 768px) 100vw, 100vw\" srcset=\"https:\/\/www.finist-scm.com\/wp-content\/uploads\/2024\/06\/Sea-1.jpg 800w, https:\/\/www.finist-scm.com\/wp-content\/uploads\/2024\/06\/Sea-1-300x169.jpg 300w, https:\/\/www.finist-scm.com\/wp-content\/uploads\/2024\/06\/Sea-1-768x432.jpg 768w, https:\/\/www.finist-scm.com\/wp-content\/uploads\/2024\/06\/Sea-1-630x354.jpg 630w, https:\/\/www.finist-scm.com\/wp-content\/uploads\/2024\/06\/Sea-1-420x236.jpg 420w, https:\/\/www.finist-scm.com\/wp-content\/uploads\/2024\/06\/Sea-1-315x177.jpg 315w\" alt=\"Sea\" width=\"800\" height=\"450\" \/><\/p>\r\n<h2 id=\"road\">Drumski Transport<\/h2>\r\n<h4>Pouzdane i Prakti\u010dne Transportne Usluge Kroz Regije<\/h4>\r\n<p><img loading=\"lazy\" decoding=\"async\" title=\"Road\" src=\"http:\/\/www.finist-scm.com\/wp-content\/uploads\/2024\/06\/Road-1.jpg\" sizes=\"(max-width: 768px) 100vw, 100vw\" srcset=\"https:\/\/www.finist-scm.com\/wp-content\/uploads\/2024\/06\/Road-1.jpg 800w, https:\/\/www.finist-scm.com\/wp-content\/uploads\/2024\/06\/Road-1-300x169.jpg 300w, https:\/\/www.finist-scm.com\/wp-content\/uploads\/2024\/06\/Road-1-768x432.jpg 768w, https:\/\/www.finist-scm.com\/wp-content\/uploads\/2024\/06\/Road-1-630x354.jpg 630w, https:\/\/www.finist-scm.com\/wp-content\/uploads\/2024\/06\/Road-1-420x236.jpg 420w, https:\/\/www.finist-scm.com\/wp-content\/uploads\/2024\/06\/Road-1-315x177.jpg 315w\" alt=\"Road\" width=\"800\" height=\"450\" \/><\/p>\r\n<ul>\r\n<li>Kompletno Punjenje Kamiona (FTL)<\/li>\r\n<li>Manje od Punjenja Kamiona (LTL)<\/li>\r\n<li>Transport sa Kontrolisanom Temperaturom<\/li>\r\n<li>Transport Te\u0161kog i Prekomernog Tereta<\/li>\r\n<li>Transport Opasnih Materijala<\/li>\r\n<li>Prekograni\u010dni Transport<\/li>\r\n<li>Konsolidacija Tereta<\/li>\r\n<li>Carinjenje na Granici<\/li>\r\n<li>Pra\u0107enje u Realnom Vremenu<\/li>\r\n<li>Isporuka Just-in-Time (JIT)<\/li>\r\n<li>Obrnuta Logistika<\/li>\r\n<li>Upravljanje Flotom<\/li>\r\n<\/ul>\r\n<p><a role=\"button\" href=\"\/sr\/usluge\/#getaquote\" target=\"_self\" rel=\"noopener\"> Zatra\u017eite Ponudu <\/a><\/p>\r\n<h2 id=\"rail\">\u017delezni\u010dki Transport<\/h2>\r\n<h4>Ekonomska Re\u0161enja za Transport na Velike Udaljenosti<\/h4>\r\n<ul>\r\n<li>Kompletno Punjenje Voza (FTL)<\/li>\r\n<li>Manje od Punjenja Voza (LTL)<\/li>\r\n<li>Transport Kontejnera<\/li>\r\n<li>\u017delezni\u010dki Vagoni<\/li>\r\n<li>Transport Rasutog Tereta<\/li>\r\n<li>Transport sa Kontrolisanom Temperaturom<\/li>\r\n<li>Transport Opasnih Materijala<\/li>\r\n<li>Transport Te\u0161kog i Prekomernog Tereta<\/li>\r\n<li>Intermodalni Transport<\/li>\r\n<li>Pra\u0107enje u Realnom Vremenu<\/li>\r\n<li>Carinjenje na \u017deleznici<\/li>\r\n<li>Ekspres Vozovi iz Kine do Evrope<\/li>\r\n<\/ul>\r\n<p><a role=\"button\" href=\"\/sr\/usluge\/#getaquote\" target=\"_self\" rel=\"noopener\"> Zatra\u017eite Ponudu <\/a> <img loading=\"lazy\" decoding=\"async\" title=\"Rail\" src=\"http:\/\/www.finist-scm.com\/wp-content\/uploads\/2024\/06\/Rail.jpg\" sizes=\"(max-width: 768px) 100vw, 100vw\" srcset=\"https:\/\/www.finist-scm.com\/wp-content\/uploads\/2024\/06\/Rail.jpg 800w, https:\/\/www.finist-scm.com\/wp-content\/uploads\/2024\/06\/Rail-300x169.jpg 300w, https:\/\/www.finist-scm.com\/wp-content\/uploads\/2024\/06\/Rail-768x432.jpg 768w, https:\/\/www.finist-scm.com\/wp-content\/uploads\/2024\/06\/Rail-630x354.jpg 630w, https:\/\/www.finist-scm.com\/wp-content\/uploads\/2024\/06\/Rail-420x236.jpg 420w, https:\/\/www.finist-scm.com\/wp-content\/uploads\/2024\/06\/Rail-315x177.jpg 315w\" alt=\"Rail\" width=\"800\" height=\"450\" \/><\/p>\r\n<h2 id=\"multimodal\">Multimodalni Transport<\/h2>\r\n<h4>Bez\u0161avne re\u0161enja za multimodalni transport<\/h4>\r\n<p><img loading=\"lazy\" decoding=\"async\" title=\"Multimodal\" src=\"http:\/\/www.finist-scm.com\/wp-content\/uploads\/2024\/06\/Multimodal.jpg\" sizes=\"(max-width: 768px) 100vw, 100vw\" srcset=\"https:\/\/www.finist-scm.com\/wp-content\/uploads\/2024\/06\/Multimodal.jpg 800w, https:\/\/www.finist-scm.com\/wp-content\/uploads\/2024\/06\/Multimodal-300x169.jpg 300w, https:\/\/www.finist-scm.com\/wp-content\/uploads\/2024\/06\/Multimodal-768x432.jpg 768w, https:\/\/www.finist-scm.com\/wp-content\/uploads\/2024\/06\/Multimodal-630x354.jpg 630w, https:\/\/www.finist-scm.com\/wp-content\/uploads\/2024\/06\/Multimodal-420x236.jpg 420w, https:\/\/www.finist-scm.com\/wp-content\/uploads\/2024\/06\/Multimodal-315x177.jpg 315w\" alt=\"Multimodal\" width=\"800\" height=\"450\" \/><\/p>\r\n<ul>\r\n<li>Integrisana Re\u0161enja Logistike<\/li>\r\n<li>Servis od Vrata do Vrata<\/li>\r\n<li>Kontejnerski Transport<\/li>\r\n<li>Upravljanje Lancom Snabdevanja<\/li>\r\n<li>Prilagodljive Rute i Rasporedi<\/li>\r\n<li>Konsolidacija Tereta<\/li>\r\n<li>Pra\u0107enje u Realnom Vremenu<\/li>\r\n<li>Carinski Kliring<\/li>\r\n<li>Transport sa Kontrolom Temperature<\/li>\r\n<li>Transport Opasnih Materijala<\/li>\r\n<li>Projektni Teret i Te\u0161ki Lift<\/li>\r\n<li>Odr\u017eiva Re\u0161enja za Transport<\/li>\r\n<\/ul>\r\n<p><a role=\"button\" href=\"\/sr\/usluge\/#getaquote\" target=\"_self\" rel=\"noopener\"> Zatra\u017eite Ponudu <\/a><\/p>\r\n<h2 id=\"warehousing\">Usluge Skladi\u0161tenja<\/h2>\r\n<h4>Sigurna i Efikasna Re\u0161enja za Skladi\u0161tenje<\/h4>\r\n<ul>\r\n<li>Razli\u010diti Uslovi Skladi\u0161tenja<\/li>\r\n<li>Upravljanje Inventarom<\/li>\r\n<li>Ispunjenje Narud\u017ebi<\/li>\r\n<li>Usluge Distribucije<\/li>\r\n<li>Prekrcaj<\/li>\r\n<li>Prilago\u0111eno Pakovanje i Ozna\u010davanje<\/li>\r\n<li>Usluge Dodatne Vrednosti<\/li>\r\n<li>Bezbednost i Sigurnost<\/li>\r\n<li>Specijalizovana Re\u0161enja za Skladi\u0161tenje<\/li>\r\n<li>Integracija Lanca Snabdevanja<\/li>\r\n<li>Integracija Tehnologije &#8211; WMS<\/li>\r\n<li>Inicijative Odr\u017eivosti<\/li>\r\n<\/ul>\r\n<p><a role=\"button\" href=\"\/sr\/usluge\/#getaquote\" target=\"_self\" rel=\"noopener\"> Zatra\u017eite Ponudu <\/a> <img loading=\"lazy\" decoding=\"async\" title=\"Warehouse\" src=\"http:\/\/www.finist-scm.com\/wp-content\/uploads\/2024\/06\/Warehouse.jpg\" sizes=\"(max-width: 768px) 100vw, 100vw\" srcset=\"https:\/\/www.finist-scm.com\/wp-content\/uploads\/2024\/06\/Warehouse.jpg 800w, https:\/\/www.finist-scm.com\/wp-content\/uploads\/2024\/06\/Warehouse-300x169.jpg 300w, https:\/\/www.finist-scm.com\/wp-content\/uploads\/2024\/06\/Warehouse-768x432.jpg 768w, https:\/\/www.finist-scm.com\/wp-content\/uploads\/2024\/06\/Warehouse-630x354.jpg 630w, https:\/\/www.finist-scm.com\/wp-content\/uploads\/2024\/06\/Warehouse-420x236.jpg 420w, https:\/\/www.finist-scm.com\/wp-content\/uploads\/2024\/06\/Warehouse-315x177.jpg 315w\" alt=\"Warehouse\" width=\"800\" height=\"450\" \/><\/p>\r\n<h2 id=\"customs\">Carinsko Ovla\u0161\u0107enje<\/h2>\r\n<h4>Potpuna Usagla\u0161enost sa Dr\u017eavnim Propisima<\/h4>\r\n<p><img loading=\"lazy\" decoding=\"async\" title=\"Customs\" src=\"http:\/\/www.finist-scm.com\/wp-content\/uploads\/2024\/06\/Customs.jpg\" sizes=\"(max-width: 768px) 100vw, 100vw\" srcset=\"https:\/\/www.finist-scm.com\/wp-content\/uploads\/2024\/06\/Customs.jpg 800w, https:\/\/www.finist-scm.com\/wp-content\/uploads\/2024\/06\/Customs-300x169.jpg 300w, https:\/\/www.finist-scm.com\/wp-content\/uploads\/2024\/06\/Customs-768x432.jpg 768w, https:\/\/www.finist-scm.com\/wp-content\/uploads\/2024\/06\/Customs-630x354.jpg 630w, https:\/\/www.finist-scm.com\/wp-content\/uploads\/2024\/06\/Customs-420x236.jpg 420w, https:\/\/www.finist-scm.com\/wp-content\/uploads\/2024\/06\/Customs-315x177.jpg 315w\" alt=\"Customs\" width=\"800\" height=\"450\" \/><\/p>\r\n<ul>\r\n<li>Priprema Dokumentacije<\/li>\r\n<li>Klasifikacija Tarifa<\/li>\r\n<li>Carinsko Posredovanje<\/li>\r\n<li>Carinski Magacini<\/li>\r\n<li>Savetovanje o Carinama i Porezima<\/li>\r\n<li>Obezbe\u0111enje Usagla\u0161enosti<\/li>\r\n<li>Dozvole i Licence<\/li>\r\n<li>Karantin i Inspekcija<\/li>\r\n<li>Privremeni Uvoz\/Izvoz<\/li>\r\n<li>Podr\u0161ka Nakon Carinjenja<\/li>\r\n<li>Integracija Tehnologije<\/li>\r\n<li>Savetovanje o Usagla\u0161enosti sa Trgovinskim Propisima<\/li>\r\n<\/ul>\r\n<p><a role=\"button\" href=\"\/sr\/usluge\/#getaquote\" target=\"_self\" rel=\"noopener\"> Zatra\u017eite Ponudu <\/a><\/p>\r\n<h2 id=\"project\">Logistika Projekata<\/h2>\r\n<h4>Prilago\u0111ena slo\u017eena i transportna re\u0161enja velikih razmera<\/h4>\r\n<ul>\r\n<li>Planiranje i Upravljanje Projektima<\/li>\r\n<li>Procena Lokacije i Pregled Rute<\/li>\r\n<li>Transport Te\u0161kih Tereta i Prekomernih Tereta<\/li>\r\n<li>Re\u0161enja za Transport<\/li>\r\n<li>Carinska i Regulatorna Usagla\u0161enost<\/li>\r\n<li>Upravljanje Rizicima i Osiguranje<\/li>\r\n<li>Re\u0161enja za Skladi\u0161tenje i Skladi\u0161tenje<\/li>\r\n<li>Usagla\u0161enost sa HSE (Zdravlje, Bezbednost i Za\u0161tita \u017divotne Sredine)<\/li>\r\n<li>Pra\u0107enje i Izve\u0161tavanje o Projektima<\/li>\r\n<li>Lokalna Ekspertiza i Globalni Domet<\/li>\r\n<li>Konsultacije sa Klijentima<\/li>\r\n<li>Inicijative Odr\u017eivosti<\/li>\r\n<\/ul>\r\n<p><a role=\"button\" href=\"\/sr\/usluge\/#getaquote\" target=\"_self\" rel=\"noopener\"> Zatra\u017eite Ponudu <\/a> <img loading=\"lazy\" decoding=\"async\" title=\"Project\" src=\"http:\/\/www.finist-scm.com\/wp-content\/uploads\/2024\/06\/Project.jpg\" sizes=\"(max-width: 768px) 100vw, 100vw\" srcset=\"https:\/\/www.finist-scm.com\/wp-content\/uploads\/2024\/06\/Project.jpg 800w, https:\/\/www.finist-scm.com\/wp-content\/uploads\/2024\/06\/Project-300x169.jpg 300w, https:\/\/www.finist-scm.com\/wp-content\/uploads\/2024\/06\/Project-768x432.jpg 768w, https:\/\/www.finist-scm.com\/wp-content\/uploads\/2024\/06\/Project-630x354.jpg 630w, https:\/\/www.finist-scm.com\/wp-content\/uploads\/2024\/06\/Project-420x236.jpg 420w, https:\/\/www.finist-scm.com\/wp-content\/uploads\/2024\/06\/Project-315x177.jpg 315w\" alt=\"Project\" width=\"800\" height=\"450\" \/><\/p>\r\n<h2 id=\"getaquote\">Dobijte Ponudu za Na\u0161e Usluge<\/h2>\r\n\n<div class=\"wpcf7 no-js\" id=\"wpcf7-f989748-o1\" lang=\"en-US\" dir=\"ltr\">\n<div class=\"screen-reader-response\"><p role=\"status\" aria-live=\"polite\" aria-atomic=\"true\"><\/p> <ul><\/ul><\/div>\n<form action=\"\/sr\/wp-json\/wp\/v2\/pages\/989915#wpcf7-f989748-o1\" method=\"post\" class=\"wpcf7-form init\" aria-label=\"Contact form\" novalidate=\"novalidate\" data-status=\"init\">\n<div style=\"display: none;\">\n<input type=\"hidden\" name=\"_wpcf7\" value=\"989748\" \/>\n<input type=\"hidden\" name=\"_wpcf7_version\" value=\"5.9.8\" \/>\n<input type=\"hidden\" name=\"_wpcf7_locale\" value=\"en_US\" \/>\n<input type=\"hidden\" name=\"_wpcf7_unit_tag\" value=\"wpcf7-f989748-o1\" \/>\n<input type=\"hidden\" name=\"_wpcf7_container_post\" value=\"0\" \/>\n<input type=\"hidden\" name=\"_wpcf7_posted_data_hash\" value=\"\" \/>\n<\/div>\n<p><label> Va\u0161e ime<br \/>\n<span class=\"wpcf7-form-control-wrap\" data-name=\"your-name\"><input size=\"40\" maxlength=\"400\" class=\"wpcf7-form-control wpcf7-text wpcf7-validates-as-required\" autocomplete=\"name\" aria-required=\"true\" aria-invalid=\"false\" value=\"\" type=\"text\" name=\"your-name\" \/><\/span> <\/label>\n<\/p>\n<p><label> Ime kompanije<br \/>\n<span class=\"wpcf7-form-control-wrap\" data-name=\"your-company\"><input size=\"40\" maxlength=\"400\" class=\"wpcf7-form-control wpcf7-text\" autocomplete=\"company\" aria-invalid=\"false\" value=\"\" type=\"text\" name=\"your-company\" \/><\/span> <\/label>\n<\/p>\n<p><label> Broj telefona<br \/>\n<span class=\"wpcf7-form-control-wrap\" data-name=\"your-phone\"><input size=\"40\" maxlength=\"400\" class=\"wpcf7-form-control wpcf7-text wpcf7-validates-as-required\" aria-required=\"true\" aria-invalid=\"false\" value=\"\" type=\"text\" name=\"your-phone\" \/><\/span> <\/label>\n<\/p>\n<p><label> Va\u0161 email<br \/>\n<span class=\"wpcf7-form-control-wrap\" data-name=\"your-email\"><input size=\"40\" maxlength=\"400\" class=\"wpcf7-form-control wpcf7-email wpcf7-validates-as-required wpcf7-text wpcf7-validates-as-email\" autocomplete=\"email\" aria-required=\"true\" aria-invalid=\"false\" value=\"\" type=\"email\" name=\"your-email\" \/><\/span> <\/label>\n<\/p>\n<p><label> Koje vrste logisti\u010dkih usluga su vam potrebne?<br \/>\n<span class=\"wpcf7-form-control-wrap\" data-name=\"your-typeofservice\"><input size=\"40\" maxlength=\"400\" class=\"wpcf7-form-control wpcf7-text wpcf7-validates-as-required\" aria-required=\"true\" aria-invalid=\"false\" value=\"\" type=\"text\" name=\"your-typeofservice\" \/><\/span> <\/label>\n<\/p>\n<p><label> Va\u0161 komentar<br \/>\n<span class=\"wpcf7-form-control-wrap\" data-name=\"your-message\"><textarea cols=\"40\" rows=\"10\" maxlength=\"2000\" class=\"wpcf7-form-control wpcf7-textarea\" aria-invalid=\"false\" name=\"your-message\"><\/textarea><\/span> <\/label>\n<\/p>\n<p><input class=\"wpcf7-form-control wpcf7-submit has-spinner\" type=\"submit\" value=\"Po\u0161aljite\" \/>\n<\/p>\n<p><label for=\"g-recaptcha\">Recaptcha<\/label><div class=\"g-recaptcha\" id=\"69f21dd49cb0e\" data-theme=\"light\" data-type=\"image\" data-sitekey=\"6LfDbXAqAAAAAOwZ5S-twLVQsOngS90sp12oXELf\" style=\"transform:scale(0.90);-webkit-transform:scale(0.90);transform-origin:0 0;-webkit-transform-origin:0 0;\"><\/div><input id=\"emailHP-69f21dd49cb11\" type=\"text\" class=\"hPot_checker emailHP\" name=\"emailHP\" size=\"25\" value=\"\" placeholder=\"Do not fill in this field\" \/><script type=\"text\/javascript\" charset=\"utf-8\">\r\n\r\n                var onloadCallback = function() {\r\n                        var recaptchas = document.querySelectorAll('div[class=g-recaptcha]');\r\n                        for( i = 0; i < recaptchas.length; i++) {\r\n                                grecaptcha.render( recaptchas[i].id, {\r\n                                        'sitekey' : '6LfDbXAqAAAAAOwZ5S-twLVQsOngS90sp12oXELf',\r\n                                        'theme' : 'light',\r\n                                        'type' : 'image',\r\n                                });\r\n                        }\r\n                }\r\n        <\/script><span class=\"wpcf7-form-control-wrap cta_recaptcha\"><\/span>\n<\/p><div class=\"wpcf7-response-output\" aria-hidden=\"true\"><\/div>\n<\/form>\n<\/div>\n\r\n<\/div><!-- .vgblk-rw-wrapper -->","protected":false},"excerpt":{"rendered":"<p>Avio Prevoz Brza i Sigurna Dostava \u0160irom Sveta Me\u0111unarodni Avio Prevoz Domac\u0301i Avio Prevoz Preuzimanje i Pakovanje Pra\u0107enje i Tracing Konsolidacija Uvoz\/Izvoz\/Tranzit Carinjenje na Aerodromu Dostava od Vrata do Vrata Opasna Roba Roba sa Kontrolisanom Temperaturom Re\u0161enja za E-trgovinu \u010carteri i Projekti Zatra\u017eite Ponudu Pomorski Prevoz Najbolje Ekonomi\u010dno Re\u0161enje za Transport sa Globalnim Dosegom Kompletno&#8230;<\/p>\n","protected":false},"author":1,"featured_media":0,"parent":0,"menu_order":0,"comment_status":"closed","ping_status":"closed","template":"","meta":{"inline_featured_image":false,"_uf_show_specific_survey":0,"_uf_disable_surveys":false,"footnotes":""},"yoast_head":"<!-- This site is optimized with the Yoast SEO plugin v23.6 - https:\/\/yoast.com\/wordpress\/plugins\/seo\/ -->\n<title>Usluge - Finist SCM<\/title>\n<meta name=\"robots\" content=\"index, follow, max-snippet:-1, max-image-preview:large, max-video-preview:-1\" \/>\n<link rel=\"canonical\" href=\"https:\/\/www.finist-scm.com\/sr\/usluge\/\" \/>\n<meta property=\"og:locale\" content=\"sr_RS\" \/>\n<meta property=\"og:type\" content=\"article\" \/>\n<meta property=\"og:title\" content=\"Usluge - Finist SCM\" \/>\n<meta property=\"og:description\" content=\"Avio Prevoz Brza i Sigurna Dostava \u0160irom Sveta Me\u0111unarodni Avio Prevoz Domac\u0301i Avio Prevoz Preuzimanje i Pakovanje Pra\u0107enje i Tracing Konsolidacija Uvoz\/Izvoz\/Tranzit Carinjenje na Aerodromu Dostava od Vrata do Vrata Opasna Roba Roba sa Kontrolisanom Temperaturom Re\u0161enja za E-trgovinu \u010carteri i Projekti Zatra\u017eite Ponudu Pomorski Prevoz Najbolje Ekonomi\u010dno Re\u0161enje za Transport sa Globalnim Dosegom Kompletno...\" \/>\n<meta property=\"og:url\" content=\"https:\/\/www.finist-scm.com\/sr\/usluge\/\" \/>\n<meta property=\"og:site_name\" content=\"Finist SCM\" \/>\n<meta property=\"article:modified_time\" content=\"2024-08-01T08:10:52+00:00\" \/>\n<meta property=\"og:image\" content=\"http:\/\/www.finist-scm.com\/wp-content\/uploads\/2024\/06\/Air-1.jpg\" \/>\n<meta name=\"twitter:card\" content=\"summary_large_image\" \/>\n<meta name=\"twitter:label1\" content=\"\u041f\u0440\u043e\u0446\u0435\u045a\u0435\u043d\u043e \u0432\u0440\u0435\u043c\u0435 \u0447\u0438\u0442\u0430\u045a\u0430\" \/>\n\t<meta name=\"twitter:data1\" content=\"4 \u043c\u0438\u043d\u0443\u0442\u0430\" \/>\n<script type=\"application\/ld+json\" class=\"yoast-schema-graph\">{\"@context\":\"https:\/\/schema.org\",\"@graph\":[{\"@type\":\"WebPage\",\"@id\":\"https:\/\/www.finist-scm.com\/sr\/usluge\/\",\"url\":\"https:\/\/www.finist-scm.com\/sr\/usluge\/\",\"name\":\"Usluge - Finist SCM\",\"isPartOf\":{\"@id\":\"https:\/\/www.finist-scm.com\/#website\"},\"primaryImageOfPage\":{\"@id\":\"https:\/\/www.finist-scm.com\/sr\/usluge\/#primaryimage\"},\"image\":{\"@id\":\"https:\/\/www.finist-scm.com\/sr\/usluge\/#primaryimage\"},\"thumbnailUrl\":\"http:\/\/www.finist-scm.com\/wp-content\/uploads\/2024\/06\/Air-1.jpg\",\"datePublished\":\"2017-04-25T22:40:51+00:00\",\"dateModified\":\"2024-08-01T08:10:52+00:00\",\"breadcrumb\":{\"@id\":\"https:\/\/www.finist-scm.com\/sr\/usluge\/#breadcrumb\"},\"inLanguage\":\"sr-RS\",\"potentialAction\":[{\"@type\":\"ReadAction\",\"target\":[\"https:\/\/www.finist-scm.com\/sr\/usluge\/\"]}]},{\"@type\":\"ImageObject\",\"inLanguage\":\"sr-RS\",\"@id\":\"https:\/\/www.finist-scm.com\/sr\/usluge\/#primaryimage\",\"url\":\"http:\/\/www.finist-scm.com\/wp-content\/uploads\/2024\/06\/Air-1.jpg\",\"contentUrl\":\"http:\/\/www.finist-scm.com\/wp-content\/uploads\/2024\/06\/Air-1.jpg\"},{\"@type\":\"BreadcrumbList\",\"@id\":\"https:\/\/www.finist-scm.com\/sr\/usluge\/#breadcrumb\",\"itemListElement\":[{\"@type\":\"ListItem\",\"position\":1,\"name\":\"Home\",\"item\":\"https:\/\/www.finist-scm.com\/sr\/\"},{\"@type\":\"ListItem\",\"position\":2,\"name\":\"Usluge\"}]},{\"@type\":\"WebSite\",\"@id\":\"https:\/\/www.finist-scm.com\/#website\",\"url\":\"https:\/\/www.finist-scm.com\/\",\"name\":\"Finist SCM\",\"description\":\"\",\"publisher\":{\"@id\":\"https:\/\/www.finist-scm.com\/#organization\"},\"alternateName\":\"F-SCM\",\"potentialAction\":[{\"@type\":\"SearchAction\",\"target\":{\"@type\":\"EntryPoint\",\"urlTemplate\":\"https:\/\/www.finist-scm.com\/?s={search_term_string}\"},\"query-input\":{\"@type\":\"PropertyValueSpecification\",\"valueRequired\":true,\"valueName\":\"search_term_string\"}}],\"inLanguage\":\"sr-RS\"},{\"@type\":\"Organization\",\"@id\":\"https:\/\/www.finist-scm.com\/#organization\",\"name\":\"Finist SCM\",\"alternateName\":\"F-SCM\",\"url\":\"https:\/\/www.finist-scm.com\/\",\"logo\":{\"@type\":\"ImageObject\",\"inLanguage\":\"sr-RS\",\"@id\":\"https:\/\/www.finist-scm.com\/#\/schema\/logo\/image\/\",\"url\":\"https:\/\/www.finist-scm.com\/wp-content\/uploads\/2024\/06\/Finist_logo_-3.png\",\"contentUrl\":\"https:\/\/www.finist-scm.com\/wp-content\/uploads\/2024\/06\/Finist_logo_-3.png\",\"width\":500,\"height\":105,\"caption\":\"Finist SCM\"},\"image\":{\"@id\":\"https:\/\/www.finist-scm.com\/#\/schema\/logo\/image\/\"},\"sameAs\":[\"https:\/\/t.me\/finistscm\",\"https:\/\/www.linkedin.com\/company\/finist-scm\/\",\"https:\/\/mp.weixin.qq.com\/s\/_TZqA11aldTrqLG5oUeoJA\"]}]}<\/script>\n<!-- \/ Yoast SEO plugin. -->","yoast_head_json":{"title":"Usluge - Finist SCM","robots":{"index":"index","follow":"follow","max-snippet":"max-snippet:-1","max-image-preview":"max-image-preview:large","max-video-preview":"max-video-preview:-1"},"canonical":"https:\/\/www.finist-scm.com\/sr\/usluge\/","og_locale":"sr_RS","og_type":"article","og_title":"Usluge - Finist SCM","og_description":"Avio Prevoz Brza i Sigurna Dostava \u0160irom Sveta Me\u0111unarodni Avio Prevoz Domac\u0301i Avio Prevoz Preuzimanje i Pakovanje Pra\u0107enje i Tracing Konsolidacija Uvoz\/Izvoz\/Tranzit Carinjenje na Aerodromu Dostava od Vrata do Vrata Opasna Roba Roba sa Kontrolisanom Temperaturom Re\u0161enja za E-trgovinu \u010carteri i Projekti Zatra\u017eite Ponudu Pomorski Prevoz Najbolje Ekonomi\u010dno Re\u0161enje za Transport sa Globalnim Dosegom Kompletno...","og_url":"https:\/\/www.finist-scm.com\/sr\/usluge\/","og_site_name":"Finist SCM","article_modified_time":"2024-08-01T08:10:52+00:00","og_image":[{"url":"http:\/\/www.finist-scm.com\/wp-content\/uploads\/2024\/06\/Air-1.jpg"}],"twitter_card":"summary_large_image","twitter_misc":{"\u041f\u0440\u043e\u0446\u0435\u045a\u0435\u043d\u043e \u0432\u0440\u0435\u043c\u0435 \u0447\u0438\u0442\u0430\u045a\u0430":"4 \u043c\u0438\u043d\u0443\u0442\u0430"},"schema":{"@context":"https:\/\/schema.org","@graph":[{"@type":"WebPage","@id":"https:\/\/www.finist-scm.com\/sr\/usluge\/","url":"https:\/\/www.finist-scm.com\/sr\/usluge\/","name":"Usluge - Finist SCM","isPartOf":{"@id":"https:\/\/www.finist-scm.com\/#website"},"primaryImageOfPage":{"@id":"https:\/\/www.finist-scm.com\/sr\/usluge\/#primaryimage"},"image":{"@id":"https:\/\/www.finist-scm.com\/sr\/usluge\/#primaryimage"},"thumbnailUrl":"http:\/\/www.finist-scm.com\/wp-content\/uploads\/2024\/06\/Air-1.jpg","datePublished":"2017-04-25T22:40:51+00:00","dateModified":"2024-08-01T08:10:52+00:00","breadcrumb":{"@id":"https:\/\/www.finist-scm.com\/sr\/usluge\/#breadcrumb"},"inLanguage":"sr-RS","potentialAction":[{"@type":"ReadAction","target":["https:\/\/www.finist-scm.com\/sr\/usluge\/"]}]},{"@type":"ImageObject","inLanguage":"sr-RS","@id":"https:\/\/www.finist-scm.com\/sr\/usluge\/#primaryimage","url":"http:\/\/www.finist-scm.com\/wp-content\/uploads\/2024\/06\/Air-1.jpg","contentUrl":"http:\/\/www.finist-scm.com\/wp-content\/uploads\/2024\/06\/Air-1.jpg"},{"@type":"BreadcrumbList","@id":"https:\/\/www.finist-scm.com\/sr\/usluge\/#breadcrumb","itemListElement":[{"@type":"ListItem","position":1,"name":"Home","item":"https:\/\/www.finist-scm.com\/sr\/"},{"@type":"ListItem","position":2,"name":"Usluge"}]},{"@type":"WebSite","@id":"https:\/\/www.finist-scm.com\/#website","url":"https:\/\/www.finist-scm.com\/","name":"Finist SCM","description":"","publisher":{"@id":"https:\/\/www.finist-scm.com\/#organization"},"alternateName":"F-SCM","potentialAction":[{"@type":"SearchAction","target":{"@type":"EntryPoint","urlTemplate":"https:\/\/www.finist-scm.com\/?s={search_term_string}"},"query-input":{"@type":"PropertyValueSpecification","valueRequired":true,"valueName":"search_term_string"}}],"inLanguage":"sr-RS"},{"@type":"Organization","@id":"https:\/\/www.finist-scm.com\/#organization","name":"Finist SCM","alternateName":"F-SCM","url":"https:\/\/www.finist-scm.com\/","logo":{"@type":"ImageObject","inLanguage":"sr-RS","@id":"https:\/\/www.finist-scm.com\/#\/schema\/logo\/image\/","url":"https:\/\/www.finist-scm.com\/wp-content\/uploads\/2024\/06\/Finist_logo_-3.png","contentUrl":"https:\/\/www.finist-scm.com\/wp-content\/uploads\/2024\/06\/Finist_logo_-3.png","width":500,"height":105,"caption":"Finist SCM"},"image":{"@id":"https:\/\/www.finist-scm.com\/#\/schema\/logo\/image\/"},"sameAs":["https:\/\/t.me\/finistscm","https:\/\/www.linkedin.com\/company\/finist-scm\/","https:\/\/mp.weixin.qq.com\/s\/_TZqA11aldTrqLG5oUeoJA"]}]}},"jetpack_sharing_enabled":true,"_links":{"self":[{"href":"https:\/\/www.finist-scm.com\/sr\/wp-json\/wp\/v2\/pages\/989915"}],"collection":[{"href":"https:\/\/www.finist-scm.com\/sr\/wp-json\/wp\/v2\/pages"}],"about":[{"href":"https:\/\/www.finist-scm.com\/sr\/wp-json\/wp\/v2\/types\/page"}],"author":[{"embeddable":true,"href":"https:\/\/www.finist-scm.com\/sr\/wp-json\/wp\/v2\/users\/1"}],"replies":[{"embeddable":true,"href":"https:\/\/www.finist-scm.com\/sr\/wp-json\/wp\/v2\/comments?post=989915"}],"version-history":[{"count":4,"href":"https:\/\/www.finist-scm.com\/sr\/wp-json\/wp\/v2\/pages\/989915\/revisions"}],"predecessor-version":[{"id":990628,"href":"https:\/\/www.finist-scm.com\/sr\/wp-json\/wp\/v2\/pages\/989915\/revisions\/990628"}],"wp:attachment":[{"href":"https:\/\/www.finist-scm.com\/sr\/wp-json\/wp\/v2\/media?parent=989915"}],"curies":[{"name":"wp","href":"https:\/\/api.w.org\/{rel}","templated":true}]}}