{"id":989925,"date":"2017-07-31T12:54:58","date_gmt":"2017-07-31T12:54:58","guid":{"rendered":"https:\/\/www.finist-scm.com\/about-us\/"},"modified":"2025-04-30T00:14:30","modified_gmt":"2025-04-30T00:14:30","slug":"o-nama","status":"publish","type":"page","link":"https:\/\/www.finist-scm.com\/sr\/o-nama\/","title":{"rendered":"O nama"},"content":{"rendered":"<div class=\"vgblk-rw-wrapper limit-wrapper\">\n<h2>\n\t\tDinami\u010dna pri\u010da o Finist SCM\n\t<\/h2>\n\t<p>Finist SCM je me\u0111unarodni operater logistike koji pru\u017ea kompleksne usluge upravljanja logistikom i lancem snabdevanja \u0161irom sveta. Okupljamo tim visoko iskusnih stru\u010dnjaka i eksperata koji su stalno u pokretu za vas, putem kopna, vazduha, \u017eeleznice i vode. Pokre\u0107e nas stalno evoluiraju\u0107i svet i svakodnevni izazovi, koji nas navode da odr\u017eavamo najvi\u0161i nivo usluga za korisnike i tra\u017eimo nove re\u0161enja u me\u0111unarodnoj i doma\u0107oj logistici, kao i upravljanju lancem snabdevanja.<\/p>\n<p>Istorija Finist SCM zapo\u010dela je 2011. godine sa malim kancelarijom blizu Helsinkija, Finska, fokusiranom na \u017eelezni\u010dke isporuke iz Kine u Finsku. Tokom godina, prate\u0107i zahteve na\u0161ih vernih i rastu\u0107ih klijenata, pro\u0161irili smo se na sedam kancelarija na klju\u010dnim logisti\u010dkim ta\u010dkama i stekli pouzdanu mre\u017eu od preko 100 agenata \u0161irom sveta. Tako\u0111e smo pro\u0161irili na\u0161e usluge da uklju\u010duju skladi\u0161tenje, upravljanje lancem snabdevanja, obele\u017eavanje, brze isporuke, osiguranje, sertifikaciju i licenciranje. Ova celokupna postavka nam omogu\u0107ava da re\u0161avamo svaki logisti\u010dki zadatak, od dostave jednostavne kutije vina do izvr\u0161enja masivnog projekta za preme\u0161tanje 300 tona prekomernog industrijskog opreme.<\/p>\n<p>Tokom na\u0161eg profesionalnog puta, evoluirali smo od jednostavnog pru\u017eaoca logisti\u010dkih usluga tre\u0107e strane (3PL) do kompleksnog operatera pete strane (5PL), gde preuzimamo sveobuhvatnu ulogu u naru\u010divanju, preuzimanju, pakovanju, konsolidaciji, isporuci, carinjenju, skladi\u0161tenju, distribuciji i naplati u ime klijenta. Na\u0161 stalni cilj je da postanemo posve\u0107eni jedinstveni \u0161alter gde preuzimamo odgovornost za sve logisti\u010dke i lan\u010dane aspekte snabdevanja na\u0161ih klijenata.<\/p>\n<p>Finist SCM uvek je na vrhu modernih tehnologija. Neprestanim razvojem na\u0161e sopstvene IT infrastrukture, uspeli smo da kreiramo na\u0161 sopstveni sistem upravljanja transportom (TMS) i sistem upravljanja skladi\u0161tima (WMS). Tako\u0111e nudimo re\u0161enja za kontrolu logisti\u010dke kule (LCT) vode\u0107im me\u0111unarodnim kompanijama za brzu potro\u0161nju.<\/p>\n<p>Finist SCM je sinergija naprednog iskustva i inovativnih pristupa. Sa \u0161irokim stru\u010dnim znanjem u pru\u017eanju kompleksnih logisti\u010dkih re\u0161enja, Finist SCM sa zadovoljstvom postaje va\u0161 dugoro\u010dni i pouzdani partner u svim va\u0161im startupima i poduhvatima.<\/p>\n\t\t\t7\n<h5>\n\tKancelarija \u0161irom sveta\n\t<\/h5>\n\t<p>Na\u0161a sopstvena mre\u017ea plus vi\u0161e od 100 me\u0111unarodnih agenata obezbe\u0111uju efikasna logisti\u010dka re\u0161enja bez obzira gde va\u0161 posao posluje.<\/p>\n\t\t\t15,000\n<h5>\n\tKontejnera\n\t<\/h5>\n\t<p>Na\u0161a kompanija je dostavila vi\u0161e od 2 miliona kg tereta avionskim putem.<\/p>\n\t\t\t750,000\n<h5>\n\tKilograma\n\t<\/h5>\n\t<p>Mi konsolidujemo, pakujemo, dostavljamo avionskim putem \u0161irom sveta i carinimo vi\u0161e od 750.000 kg razne robe godi\u0161nje.<\/p>\n\t\t\t\t<a href=\"\/sr\/usluge\/#air\" target=\"_self\" itemprop=\"url\" title=\"frieght-air\" rel=\"noopener\">\n\t\t\t\t\t\t\t<img loading=\"lazy\" decoding=\"async\" src=\"https:\/\/www.finist-scm.com\/wp-content\/uploads\/2024\/06\/frieght-air.jpg\" alt=\"frieght-air\" itemprop=\"image\" height=\"437\" width=\"380\" data-link-type=\"url\" title=\"frieght-air\" onerror=\"this.style.display='none'\"  sizes=\"(max-width: 768px) 100vw, 100vw\" srcset=\"https:\/\/www.finist-scm.com\/wp-content\/uploads\/2024\/06\/frieght-air.jpg 380w, https:\/\/www.finist-scm.com\/wp-content\/uploads\/2024\/06\/frieght-air-261x300.jpg 261w, https:\/\/www.finist-scm.com\/wp-content\/uploads\/2024\/06\/frieght-air-315x362.jpg 315w\" \/>\t\t\t\t\t\t<\/a>\n\t\t\t\t<a href=\"\/sr\/usluge\/#sea\" target=\"_self\" itemprop=\"url\" title=\"frieght-sea\" rel=\"noopener\">\n\t\t\t\t\t\t\t<img loading=\"lazy\" decoding=\"async\" src=\"https:\/\/www.finist-scm.com\/wp-content\/uploads\/2024\/06\/frieght-sea.jpg\" alt=\"frieght-sea\" itemprop=\"image\" height=\"437\" width=\"380\" data-link-type=\"url\" title=\"frieght-sea\" onerror=\"this.style.display='none'\"  sizes=\"(max-width: 768px) 100vw, 100vw\" srcset=\"https:\/\/www.finist-scm.com\/wp-content\/uploads\/2024\/06\/frieght-sea.jpg 380w, https:\/\/www.finist-scm.com\/wp-content\/uploads\/2024\/06\/frieght-sea-261x300.jpg 261w, https:\/\/www.finist-scm.com\/wp-content\/uploads\/2024\/06\/frieght-sea-315x362.jpg 315w\" \/>\t\t\t\t\t\t<\/a>\n\t\t\t\t<a href=\"\/sr\/usluge\/#road\" target=\"_self\" itemprop=\"url\" title=\"frieght-road\" rel=\"noopener\">\n\t\t\t\t\t\t\t<img loading=\"lazy\" decoding=\"async\" src=\"https:\/\/www.finist-scm.com\/wp-content\/uploads\/2024\/06\/frieght-road.jpg\" alt=\"frieght-road\" itemprop=\"image\" height=\"437\" width=\"380\" data-link-type=\"url\" title=\"frieght-road\" onerror=\"this.style.display='none'\"  sizes=\"(max-width: 768px) 100vw, 100vw\" srcset=\"https:\/\/www.finist-scm.com\/wp-content\/uploads\/2024\/06\/frieght-road.jpg 380w, https:\/\/www.finist-scm.com\/wp-content\/uploads\/2024\/06\/frieght-road-261x300.jpg 261w, https:\/\/www.finist-scm.com\/wp-content\/uploads\/2024\/06\/frieght-road-315x362.jpg 315w\" \/>\t\t\t\t\t\t<\/a>\n\t\t\t\t<a href=\"\/sr\/usluge\/#rail\" target=\"_self\" itemprop=\"url\" title=\"frieght-train\" rel=\"noopener\">\n\t\t\t\t\t\t\t<img loading=\"lazy\" decoding=\"async\" src=\"https:\/\/www.finist-scm.com\/wp-content\/uploads\/2024\/06\/frieght-train.jpg\" alt=\"frieght-train\" itemprop=\"image\" height=\"437\" width=\"380\" data-link-type=\"url\" title=\"frieght-train\" onerror=\"this.style.display='none'\"  sizes=\"(max-width: 768px) 100vw, 100vw\" srcset=\"https:\/\/www.finist-scm.com\/wp-content\/uploads\/2024\/06\/frieght-train.jpg 380w, https:\/\/www.finist-scm.com\/wp-content\/uploads\/2024\/06\/frieght-train-261x300.jpg 261w, https:\/\/www.finist-scm.com\/wp-content\/uploads\/2024\/06\/frieght-train-315x362.jpg 315w\" \/>\t\t\t\t\t\t<\/a>\n<h4>\n\tVizija\n\t<\/h4>\n\t<p>Biti vode\u0107i pru\u017ealac logisti\u010dkih usluga u inovativnim i odr\u017eivim transportnim re\u0161enjima, pru\u017eaju\u0107i besprekornu uslugu i pouzdanost. Vizioniramo svet u kojem logistika povezuje zajednice, podsti\u010du\u0107i rast i prosperitet.<\/p>\n<h4>\n\tMisija\n\t<\/h4>\n\t<p>Kroz naprednu tehnologiju i posve\u0107en tim, cilj nam je da redefini\u0161emo budu\u0107nost transporta i upravljanja lancem snabdevanja, osiguravaju\u0107i besprekorne, efikasne, ekolo\u0161ki prihvatljive i pravovremene isporuke za svakog klijenta, svaki put.<\/p>\n<h4>\n\tVrednosti\n\t<\/h4>\n\t<p>Fokusiramo se na pouzdanost, inovaciju i partnerstvo. Na\u0161 uspeh ide ruku pod ruku sa uspehom na\u0161ih klijenata. Prioritet nam je bezbednost na\u0161ih zaposlenih, partnera i tereta, pridr\u017eavaju\u0107i se stroge bezbednosne protokole i prakse u svim na\u0161im operacijama.<\/p>\n<h2>\n\tNa\u0161e prednosti\n\t<\/h2>\n\t<ul>\n<li>Prilago\u0111ena logistika<\/li>\n<li>Li\u010dna podr\u0161ka<\/li>\n<li>Pouzdanost i sigurnost<\/li>\n<li>Globalna mre\u017ea<\/li>\n<li>Isplativost<\/li>\n<li>Pra\u0107enje i monitoring<\/li>\n<li>Globalno osiguranje<\/li>\n<li>ESG i odr\u017eivost<\/li>\n<li>Napredna IT re\u0161enja<\/li>\n<li>Brza i pravovremena isporuka<\/li>\n<li>Regulatorna uskla\u0111enost<\/li>\n<li>Fleksibilnost i skalabilnost<\/li>\n<\/ul>\n<h2>\n\tKontaktirajte nas\n\t<\/h2>\n\t\n<div class=\"wpcf7 no-js\" id=\"wpcf7-f989791-o1\" lang=\"en-US\" dir=\"ltr\">\n<div class=\"screen-reader-response\"><p role=\"status\" aria-live=\"polite\" aria-atomic=\"true\"><\/p> <ul><\/ul><\/div>\n<form action=\"\/sr\/wp-json\/wp\/v2\/pages\/989925#wpcf7-f989791-o1\" method=\"post\" class=\"wpcf7-form init\" aria-label=\"Contact form\" novalidate=\"novalidate\" data-status=\"init\">\n<div style=\"display: none;\">\n<input type=\"hidden\" name=\"_wpcf7\" value=\"989791\" \/>\n<input type=\"hidden\" name=\"_wpcf7_version\" value=\"5.9.8\" \/>\n<input type=\"hidden\" name=\"_wpcf7_locale\" value=\"en_US\" \/>\n<input type=\"hidden\" name=\"_wpcf7_unit_tag\" value=\"wpcf7-f989791-o1\" \/>\n<input type=\"hidden\" name=\"_wpcf7_container_post\" value=\"0\" \/>\n<input type=\"hidden\" name=\"_wpcf7_posted_data_hash\" value=\"\" \/>\n<\/div>\n<p><label> Va\u0161e ime<br \/>\n<span class=\"wpcf7-form-control-wrap\" data-name=\"your-name\"><input size=\"40\" maxlength=\"400\" class=\"wpcf7-form-control wpcf7-text wpcf7-validates-as-required\" autocomplete=\"name\" aria-required=\"true\" aria-invalid=\"false\" value=\"\" type=\"text\" name=\"your-name\" \/><\/span> <\/label>\n<\/p>\n<p><label> Va\u0161 email<br \/>\n<span class=\"wpcf7-form-control-wrap\" data-name=\"your-email\"><input size=\"40\" maxlength=\"400\" class=\"wpcf7-form-control wpcf7-email wpcf7-validates-as-required wpcf7-text wpcf7-validates-as-email\" autocomplete=\"email\" aria-required=\"true\" aria-invalid=\"false\" value=\"\" type=\"email\" name=\"your-email\" \/><\/span> <\/label>\n<\/p>\n<p><label> Predmet<br \/>\n<span class=\"wpcf7-form-control-wrap\" data-name=\"your-subject\"><input size=\"40\" maxlength=\"400\" class=\"wpcf7-form-control wpcf7-text wpcf7-validates-as-required\" aria-required=\"true\" aria-invalid=\"false\" value=\"\" type=\"text\" name=\"your-subject\" \/><\/span> <\/label>\n<\/p>\n<p><label> Va\u0161a poruka<br \/>\n<span class=\"wpcf7-form-control-wrap\" data-name=\"your-message\"><textarea cols=\"40\" rows=\"10\" maxlength=\"2000\" class=\"wpcf7-form-control wpcf7-textarea\" aria-invalid=\"false\" name=\"your-message\"><\/textarea><\/span> <\/label>\n<\/p>\n<p><input class=\"wpcf7-form-control wpcf7-submit has-spinner\" type=\"submit\" value=\"Po\u0161aljite\" \/>\n<\/p>\n<p><label for=\"g-recaptcha\">Recaptcha<\/label><div class=\"g-recaptcha\" id=\"69f50d48f1c00\" data-theme=\"light\" data-type=\"image\" data-sitekey=\"6LfDbXAqAAAAAOwZ5S-twLVQsOngS90sp12oXELf\" style=\"transform:scale(0.90);-webkit-transform:scale(0.90);transform-origin:0 0;-webkit-transform-origin:0 0;\"><\/div><input id=\"emailHP-69f50d48f1c03\" type=\"text\" class=\"hPot_checker emailHP\" name=\"emailHP\" size=\"25\" value=\"\" placeholder=\"Do not fill in this field\" \/><script type=\"text\/javascript\" charset=\"utf-8\">\r\n\r\n                var onloadCallback = function() {\r\n                        var recaptchas = document.querySelectorAll('div[class=g-recaptcha]');\r\n                        for( i = 0; i < recaptchas.length; i++) {\r\n                                grecaptcha.render( recaptchas[i].id, {\r\n                                        'sitekey' : '6LfDbXAqAAAAAOwZ5S-twLVQsOngS90sp12oXELf',\r\n                                        'theme' : 'light',\r\n                                        'type' : 'image',\r\n                                });\r\n                        }\r\n                }\r\n        <\/script><span class=\"wpcf7-form-control-wrap cta_recaptcha\"><\/span>\n<\/p><div class=\"wpcf7-response-output\" aria-hidden=\"true\"><\/div>\n<\/form>\n<\/div>\n\n\n<\/div><!-- .vgblk-rw-wrapper -->","protected":false},"excerpt":{"rendered":"<p>Dinami\u010dna pri\u010da o Finist SCM Finist SCM je me\u0111unarodni operater logistike koji pru\u017ea kompleksne usluge upravljanja logistikom i lancem snabdevanja \u0161irom sveta. Okupljamo tim visoko iskusnih stru\u010dnjaka i eksperata koji su stalno u pokretu za vas, putem kopna, vazduha, \u017eeleznice i vode. Pokre\u0107e nas stalno evoluiraju\u0107i svet i svakodnevni izazovi, koji nas navode da odr\u017eavamo&#8230;<\/p>\n","protected":false},"author":1,"featured_media":989371,"parent":0,"menu_order":0,"comment_status":"closed","ping_status":"closed","template":"","meta":{"inline_featured_image":false,"_uf_show_specific_survey":0,"_uf_disable_surveys":false,"footnotes":""},"yoast_head":"<!-- This site is optimized with the Yoast SEO plugin v23.6 - https:\/\/yoast.com\/wordpress\/plugins\/seo\/ -->\n<title>O nama - Finist SCM<\/title>\n<meta name=\"robots\" content=\"index, follow, max-snippet:-1, max-image-preview:large, max-video-preview:-1\" \/>\n<link rel=\"canonical\" href=\"https:\/\/www.finist-scm.com\/sr\/o-nama\/\" \/>\n<meta property=\"og:locale\" content=\"sr_RS\" \/>\n<meta property=\"og:type\" content=\"article\" \/>\n<meta property=\"og:title\" content=\"O nama - Finist SCM\" \/>\n<meta property=\"og:description\" content=\"Dinami\u010dna pri\u010da o Finist SCM Finist SCM je me\u0111unarodni operater logistike koji pru\u017ea kompleksne usluge upravljanja logistikom i lancem snabdevanja \u0161irom sveta. Okupljamo tim visoko iskusnih stru\u010dnjaka i eksperata koji su stalno u pokretu za vas, putem kopna, vazduha, \u017eeleznice i vode. Pokre\u0107e nas stalno evoluiraju\u0107i svet i svakodnevni izazovi, koji nas navode da odr\u017eavamo...\" \/>\n<meta property=\"og:url\" content=\"https:\/\/www.finist-scm.com\/sr\/o-nama\/\" \/>\n<meta property=\"og:site_name\" content=\"Finist SCM\" \/>\n<meta property=\"article:modified_time\" content=\"2025-04-30T00:14:30+00:00\" \/>\n<meta property=\"og:image\" content=\"https:\/\/www.finist-scm.com\/wp-content\/uploads\/2024\/06\/picups-01-1.jpg\" \/>\n\t<meta property=\"og:image:width\" content=\"1280\" \/>\n\t<meta property=\"og:image:height\" content=\"849\" \/>\n\t<meta property=\"og:image:type\" content=\"image\/jpeg\" \/>\n<meta name=\"twitter:card\" content=\"summary_large_image\" \/>\n<meta name=\"twitter:label1\" content=\"\u041f\u0440\u043e\u0446\u0435\u045a\u0435\u043d\u043e \u0432\u0440\u0435\u043c\u0435 \u0447\u0438\u0442\u0430\u045a\u0430\" \/>\n\t<meta name=\"twitter:data1\" content=\"4 \u043c\u0438\u043d\u0443\u0442\u0430\" \/>\n<script type=\"application\/ld+json\" class=\"yoast-schema-graph\">{\"@context\":\"https:\/\/schema.org\",\"@graph\":[{\"@type\":\"WebPage\",\"@id\":\"https:\/\/www.finist-scm.com\/sr\/o-nama\/\",\"url\":\"https:\/\/www.finist-scm.com\/sr\/o-nama\/\",\"name\":\"O nama - Finist SCM\",\"isPartOf\":{\"@id\":\"https:\/\/www.finist-scm.com\/#website\"},\"primaryImageOfPage\":{\"@id\":\"https:\/\/www.finist-scm.com\/sr\/o-nama\/#primaryimage\"},\"image\":{\"@id\":\"https:\/\/www.finist-scm.com\/sr\/o-nama\/#primaryimage\"},\"thumbnailUrl\":\"https:\/\/www.finist-scm.com\/wp-content\/uploads\/2024\/06\/picups-01-1.jpg\",\"datePublished\":\"2017-07-31T12:54:58+00:00\",\"dateModified\":\"2025-04-30T00:14:30+00:00\",\"breadcrumb\":{\"@id\":\"https:\/\/www.finist-scm.com\/sr\/o-nama\/#breadcrumb\"},\"inLanguage\":\"sr-RS\",\"potentialAction\":[{\"@type\":\"ReadAction\",\"target\":[\"https:\/\/www.finist-scm.com\/sr\/o-nama\/\"]}]},{\"@type\":\"ImageObject\",\"inLanguage\":\"sr-RS\",\"@id\":\"https:\/\/www.finist-scm.com\/sr\/o-nama\/#primaryimage\",\"url\":\"https:\/\/www.finist-scm.com\/wp-content\/uploads\/2024\/06\/picups-01-1.jpg\",\"contentUrl\":\"https:\/\/www.finist-scm.com\/wp-content\/uploads\/2024\/06\/picups-01-1.jpg\",\"width\":1280,\"height\":849},{\"@type\":\"BreadcrumbList\",\"@id\":\"https:\/\/www.finist-scm.com\/sr\/o-nama\/#breadcrumb\",\"itemListElement\":[{\"@type\":\"ListItem\",\"position\":1,\"name\":\"Home\",\"item\":\"https:\/\/www.finist-scm.com\/sr\/\"},{\"@type\":\"ListItem\",\"position\":2,\"name\":\"O nama\"}]},{\"@type\":\"WebSite\",\"@id\":\"https:\/\/www.finist-scm.com\/#website\",\"url\":\"https:\/\/www.finist-scm.com\/\",\"name\":\"Finist SCM\",\"description\":\"\",\"publisher\":{\"@id\":\"https:\/\/www.finist-scm.com\/#organization\"},\"alternateName\":\"F-SCM\",\"potentialAction\":[{\"@type\":\"SearchAction\",\"target\":{\"@type\":\"EntryPoint\",\"urlTemplate\":\"https:\/\/www.finist-scm.com\/?s={search_term_string}\"},\"query-input\":{\"@type\":\"PropertyValueSpecification\",\"valueRequired\":true,\"valueName\":\"search_term_string\"}}],\"inLanguage\":\"sr-RS\"},{\"@type\":\"Organization\",\"@id\":\"https:\/\/www.finist-scm.com\/#organization\",\"name\":\"Finist SCM\",\"alternateName\":\"F-SCM\",\"url\":\"https:\/\/www.finist-scm.com\/\",\"logo\":{\"@type\":\"ImageObject\",\"inLanguage\":\"sr-RS\",\"@id\":\"https:\/\/www.finist-scm.com\/#\/schema\/logo\/image\/\",\"url\":\"https:\/\/www.finist-scm.com\/wp-content\/uploads\/2024\/06\/Finist_logo_-3.png\",\"contentUrl\":\"https:\/\/www.finist-scm.com\/wp-content\/uploads\/2024\/06\/Finist_logo_-3.png\",\"width\":500,\"height\":105,\"caption\":\"Finist SCM\"},\"image\":{\"@id\":\"https:\/\/www.finist-scm.com\/#\/schema\/logo\/image\/\"},\"sameAs\":[\"https:\/\/t.me\/finistscm\",\"https:\/\/www.linkedin.com\/company\/finist-scm\/\",\"https:\/\/mp.weixin.qq.com\/s\/_TZqA11aldTrqLG5oUeoJA\"]}]}<\/script>\n<!-- \/ Yoast SEO plugin. -->","yoast_head_json":{"title":"O nama - Finist SCM","robots":{"index":"index","follow":"follow","max-snippet":"max-snippet:-1","max-image-preview":"max-image-preview:large","max-video-preview":"max-video-preview:-1"},"canonical":"https:\/\/www.finist-scm.com\/sr\/o-nama\/","og_locale":"sr_RS","og_type":"article","og_title":"O nama - Finist SCM","og_description":"Dinami\u010dna pri\u010da o Finist SCM Finist SCM je me\u0111unarodni operater logistike koji pru\u017ea kompleksne usluge upravljanja logistikom i lancem snabdevanja \u0161irom sveta. Okupljamo tim visoko iskusnih stru\u010dnjaka i eksperata koji su stalno u pokretu za vas, putem kopna, vazduha, \u017eeleznice i vode. Pokre\u0107e nas stalno evoluiraju\u0107i svet i svakodnevni izazovi, koji nas navode da odr\u017eavamo...","og_url":"https:\/\/www.finist-scm.com\/sr\/o-nama\/","og_site_name":"Finist SCM","article_modified_time":"2025-04-30T00:14:30+00:00","og_image":[{"width":1280,"height":849,"url":"https:\/\/www.finist-scm.com\/wp-content\/uploads\/2024\/06\/picups-01-1.jpg","type":"image\/jpeg"}],"twitter_card":"summary_large_image","twitter_misc":{"\u041f\u0440\u043e\u0446\u0435\u045a\u0435\u043d\u043e \u0432\u0440\u0435\u043c\u0435 \u0447\u0438\u0442\u0430\u045a\u0430":"4 \u043c\u0438\u043d\u0443\u0442\u0430"},"schema":{"@context":"https:\/\/schema.org","@graph":[{"@type":"WebPage","@id":"https:\/\/www.finist-scm.com\/sr\/o-nama\/","url":"https:\/\/www.finist-scm.com\/sr\/o-nama\/","name":"O nama - Finist SCM","isPartOf":{"@id":"https:\/\/www.finist-scm.com\/#website"},"primaryImageOfPage":{"@id":"https:\/\/www.finist-scm.com\/sr\/o-nama\/#primaryimage"},"image":{"@id":"https:\/\/www.finist-scm.com\/sr\/o-nama\/#primaryimage"},"thumbnailUrl":"https:\/\/www.finist-scm.com\/wp-content\/uploads\/2024\/06\/picups-01-1.jpg","datePublished":"2017-07-31T12:54:58+00:00","dateModified":"2025-04-30T00:14:30+00:00","breadcrumb":{"@id":"https:\/\/www.finist-scm.com\/sr\/o-nama\/#breadcrumb"},"inLanguage":"sr-RS","potentialAction":[{"@type":"ReadAction","target":["https:\/\/www.finist-scm.com\/sr\/o-nama\/"]}]},{"@type":"ImageObject","inLanguage":"sr-RS","@id":"https:\/\/www.finist-scm.com\/sr\/o-nama\/#primaryimage","url":"https:\/\/www.finist-scm.com\/wp-content\/uploads\/2024\/06\/picups-01-1.jpg","contentUrl":"https:\/\/www.finist-scm.com\/wp-content\/uploads\/2024\/06\/picups-01-1.jpg","width":1280,"height":849},{"@type":"BreadcrumbList","@id":"https:\/\/www.finist-scm.com\/sr\/o-nama\/#breadcrumb","itemListElement":[{"@type":"ListItem","position":1,"name":"Home","item":"https:\/\/www.finist-scm.com\/sr\/"},{"@type":"ListItem","position":2,"name":"O nama"}]},{"@type":"WebSite","@id":"https:\/\/www.finist-scm.com\/#website","url":"https:\/\/www.finist-scm.com\/","name":"Finist SCM","description":"","publisher":{"@id":"https:\/\/www.finist-scm.com\/#organization"},"alternateName":"F-SCM","potentialAction":[{"@type":"SearchAction","target":{"@type":"EntryPoint","urlTemplate":"https:\/\/www.finist-scm.com\/?s={search_term_string}"},"query-input":{"@type":"PropertyValueSpecification","valueRequired":true,"valueName":"search_term_string"}}],"inLanguage":"sr-RS"},{"@type":"Organization","@id":"https:\/\/www.finist-scm.com\/#organization","name":"Finist SCM","alternateName":"F-SCM","url":"https:\/\/www.finist-scm.com\/","logo":{"@type":"ImageObject","inLanguage":"sr-RS","@id":"https:\/\/www.finist-scm.com\/#\/schema\/logo\/image\/","url":"https:\/\/www.finist-scm.com\/wp-content\/uploads\/2024\/06\/Finist_logo_-3.png","contentUrl":"https:\/\/www.finist-scm.com\/wp-content\/uploads\/2024\/06\/Finist_logo_-3.png","width":500,"height":105,"caption":"Finist SCM"},"image":{"@id":"https:\/\/www.finist-scm.com\/#\/schema\/logo\/image\/"},"sameAs":["https:\/\/t.me\/finistscm","https:\/\/www.linkedin.com\/company\/finist-scm\/","https:\/\/mp.weixin.qq.com\/s\/_TZqA11aldTrqLG5oUeoJA"]}]}},"jetpack_sharing_enabled":true,"_links":{"self":[{"href":"https:\/\/www.finist-scm.com\/sr\/wp-json\/wp\/v2\/pages\/989925"}],"collection":[{"href":"https:\/\/www.finist-scm.com\/sr\/wp-json\/wp\/v2\/pages"}],"about":[{"href":"https:\/\/www.finist-scm.com\/sr\/wp-json\/wp\/v2\/types\/page"}],"author":[{"embeddable":true,"href":"https:\/\/www.finist-scm.com\/sr\/wp-json\/wp\/v2\/users\/1"}],"replies":[{"embeddable":true,"href":"https:\/\/www.finist-scm.com\/sr\/wp-json\/wp\/v2\/comments?post=989925"}],"version-history":[{"count":8,"href":"https:\/\/www.finist-scm.com\/sr\/wp-json\/wp\/v2\/pages\/989925\/revisions"}],"predecessor-version":[{"id":991183,"href":"https:\/\/www.finist-scm.com\/sr\/wp-json\/wp\/v2\/pages\/989925\/revisions\/991183"}],"wp:featuredmedia":[{"embeddable":true,"href":"https:\/\/www.finist-scm.com\/sr\/wp-json\/wp\/v2\/media\/989371"}],"wp:attachment":[{"href":"https:\/\/www.finist-scm.com\/sr\/wp-json\/wp\/v2\/media?parent=989925"}],"curies":[{"name":"wp","href":"https:\/\/api.w.org\/{rel}","templated":true}]}}