{"id":990070,"date":"2024-06-19T14:30:11","date_gmt":"2024-06-19T14:30:11","guid":{"rendered":"https:\/\/www.finist-scm.com\/solutions\/"},"modified":"2024-08-01T08:51:06","modified_gmt":"2024-08-01T08:51:06","slug":"solutions","status":"publish","type":"page","link":"https:\/\/www.finist-scm.com\/tr\/solutions\/","title":{"rendered":"\u00c7\u00f6z\u00fcmler"},"content":{"rendered":"<div class=\"vgblk-rw-wrapper limit-wrapper\">\r\n<h2 id=\"3pl\">3PL<\/h2>\r\n<p><img loading=\"lazy\" decoding=\"async\" title=\"3 PL\" src=\"http:\/\/www.finist-scm.com\/wp-content\/uploads\/2024\/06\/3-PL-1.jpg\" sizes=\"(max-width: 768px) 100vw, 100vw\" srcset=\"https:\/\/www.finist-scm.com\/wp-content\/uploads\/2024\/06\/3-PL-1.jpg 800w, https:\/\/www.finist-scm.com\/wp-content\/uploads\/2024\/06\/3-PL-1-300x169.jpg 300w, https:\/\/www.finist-scm.com\/wp-content\/uploads\/2024\/06\/3-PL-1-768x432.jpg 768w, https:\/\/www.finist-scm.com\/wp-content\/uploads\/2024\/06\/3-PL-1-630x354.jpg 630w, https:\/\/www.finist-scm.com\/wp-content\/uploads\/2024\/06\/3-PL-1-420x236.jpg 420w, https:\/\/www.finist-scm.com\/wp-content\/uploads\/2024\/06\/3-PL-1-315x177.jpg 315w\" alt=\"3 PL\" width=\"800\" height=\"450\" \/><\/p>\r\n<p>3PL (\u00dc\u00e7\u00fcnc\u00fc Taraf Lojistik), bir organizasyonun tedarik zinciri y\u00f6netim i\u015flevlerinin bir k\u0131sm\u0131 veya tamam\u0131 i\u00e7in d\u0131\u015f kaynakl\u0131 lojistik hizmetleri sa\u011flayan d\u00fczenli bir hizmettir.<\/p>\r\n<p>Bir 3PL \u015firketi tipik olarak ta\u015f\u0131mac\u0131l\u0131k, depolama ve nakliye hizmetleri sunar. 3PL, i\u015fletmelere maliyet tasarrufu ve \u00f6l\u00e7eklenebilirlikten uzmanl\u0131\u011fa ve k\u00fcresel a\u011flara eri\u015fime kadar bir dizi fayda sa\u011flar. G\u00fcvenilir bir 3PL sa\u011flay\u0131c\u0131 ile ortakl\u0131k kurarak, organizasyonlar tedarik zinciri operasyonlar\u0131n\u0131 optimize edebilir ve g\u00fcn\u00fcm\u00fcz\u00fcn rekabet\u00e7i i\u015f ortam\u0131nda genel verimlili\u011fi art\u0131rabilir.<\/p>\r\n<p><a role=\"button\" href=\"\/tr\/solutions\/#getaquote\" target=\"_self\" rel=\"noopener\"> Fiyat Teklifi \u0130ste <\/a><\/p>\r\n<h2 id=\"4pl\">4PL<\/h2>\r\n<p>D\u00f6rd\u00fcnc\u00fc Taraf Lojistik (4PL), bir \u015firketin t\u00fcm tedarik zinciri operasyonlar\u0131n\u0131n y\u00f6netimini bir 4PL sa\u011flay\u0131c\u0131s\u0131na d\u0131\u015f kaynak olarak devretti\u011fi daha ileri bir lojistik d\u0131\u015f kaynak kullan\u0131m\u0131 \u015feklidir. Bu modelde, 4PL sa\u011flay\u0131c\u0131s\u0131 stratejik bir ortak olarak hareket eder, m\u00fc\u015fteri ad\u0131na t\u00fcm tedarik zincirini denetler ve optimize eder.<\/p>\r\n<p>4PL sa\u011flay\u0131c\u0131s\u0131, tedarik zincirinin sorunsuz i\u015flemesini sa\u011flamak i\u00e7in birden fazla \u00fc\u00e7\u00fcnc\u00fc taraf lojistik sa\u011flay\u0131c\u0131s\u0131n\u0131n faaliyetlerini koordine eder ve entegre eder. 4PL sa\u011flay\u0131c\u0131lar\u0131, tedarik zincirinde g\u00f6r\u00fcn\u00fcrl\u00fck, \u015feffafl\u0131k ve karar verme s\u00fcre\u00e7lerini geli\u015ftirmek i\u00e7in veri analiti\u011fi, yapay zeka, Nesnelerin \u0130nterneti (IoT) ve otomasyon gibi ileri teknolojilerden yararlan\u0131r.<\/p>\r\n<p><a role=\"button\" href=\"\/tr\/solutions\/#getaquote\" target=\"_self\" rel=\"noopener\"> Fiyat Teklifi \u0130steRequest a Quote <\/a> <img loading=\"lazy\" decoding=\"async\" title=\"4 PL\" src=\"http:\/\/www.finist-scm.com\/wp-content\/uploads\/2024\/06\/4-PL-1.jpg\" sizes=\"(max-width: 768px) 100vw, 100vw\" srcset=\"https:\/\/www.finist-scm.com\/wp-content\/uploads\/2024\/06\/4-PL-1.jpg 800w, https:\/\/www.finist-scm.com\/wp-content\/uploads\/2024\/06\/4-PL-1-300x169.jpg 300w, https:\/\/www.finist-scm.com\/wp-content\/uploads\/2024\/06\/4-PL-1-768x432.jpg 768w, https:\/\/www.finist-scm.com\/wp-content\/uploads\/2024\/06\/4-PL-1-630x354.jpg 630w, https:\/\/www.finist-scm.com\/wp-content\/uploads\/2024\/06\/4-PL-1-420x236.jpg 420w, https:\/\/www.finist-scm.com\/wp-content\/uploads\/2024\/06\/4-PL-1-315x177.jpg 315w\" alt=\"4 PL\" width=\"800\" height=\"450\" \/><\/p>\r\n<h2 id=\"5pl\">5PL<\/h2>\r\n<p><img loading=\"lazy\" decoding=\"async\" title=\"5 PL\" src=\"http:\/\/www.finist-scm.com\/wp-content\/uploads\/2024\/06\/5-PL-1.jpg\" sizes=\"(max-width: 768px) 100vw, 100vw\" srcset=\"https:\/\/www.finist-scm.com\/wp-content\/uploads\/2024\/06\/5-PL-1.jpg 800w, https:\/\/www.finist-scm.com\/wp-content\/uploads\/2024\/06\/5-PL-1-300x169.jpg 300w, https:\/\/www.finist-scm.com\/wp-content\/uploads\/2024\/06\/5-PL-1-768x432.jpg 768w, https:\/\/www.finist-scm.com\/wp-content\/uploads\/2024\/06\/5-PL-1-630x354.jpg 630w, https:\/\/www.finist-scm.com\/wp-content\/uploads\/2024\/06\/5-PL-1-420x236.jpg 420w, https:\/\/www.finist-scm.com\/wp-content\/uploads\/2024\/06\/5-PL-1-315x177.jpg 315w\" alt=\"5 PL\" width=\"800\" height=\"450\" \/><\/p>\r\n<p>Be\u015finci Taraf Lojistik (5PL) sa\u011flay\u0131c\u0131s\u0131, lojistik sekt\u00f6r\u00fcnde nispeten yeni ve geli\u015fen bir konsepttir. 5PL sa\u011flay\u0131c\u0131s\u0131, 3PL ve 4PL&#8217;nin geleneksel rollerinin \u00f6tesine ge\u00e7erek daha kapsaml\u0131 ve entegre lojistik hizmetleri sunar.<\/p>\r\n<p>5PL sa\u011flay\u0131c\u0131s\u0131, lojistik d\u0131\u015f kaynak kullan\u0131m\u0131n\u0131n bir sonraki seviyesini temsil eder, geli\u015fmi\u015f teknolojik yetenekler, s\u00fcrd\u00fcr\u00fclebilirlik uygulamalar\u0131, k\u00fcresel uzmanl\u0131k, risk y\u00f6netimi stratejileri ve m\u00fc\u015fteri odakl\u0131 \u00e7\u00f6z\u00fcmler sunar. Bu sayede \u015firketlerin modern tedarik zincirlerinin karma\u015f\u0131kl\u0131klar\u0131n\u0131 a\u015fmalar\u0131na ve operasyonel m\u00fckemmellik sa\u011flamalar\u0131na yard\u0131mc\u0131 olur.<\/p>\r\n<p><a role=\"button\" href=\"\/tr\/solutions\/#getaquote\" target=\"_self\" rel=\"noopener\"> Fiyat Teklifi \u0130ste <\/a><\/p>\r\n<h2 id=\"it\">IT<\/h2>\r\n<p>BT \u00e7\u00f6z\u00fcmleri, modern lojistik operasyonlar\u0131nda hayati bir rol oynamaktad\u0131r ve \u015firketlerin s\u00fcre\u00e7leri kolayla\u015ft\u0131rmas\u0131na, verimlili\u011fi art\u0131rmas\u0131na, g\u00f6r\u00fcn\u00fcrl\u00fc\u011f\u00fc iyile\u015ftirmesine ve genel tedarik zinciri y\u00f6netimini optimize etmesine yard\u0131mc\u0131 olmaktad\u0131r.<\/p>\r\n<p>Finist SCM, Ta\u015f\u0131mac\u0131l\u0131k Y\u00f6netim Sistemleri (TMS), Depo Y\u00f6netim Sistemleri (WMS), Lojistik Kontrol Kulesi (LCT) ve di\u011ferleri gibi \u00e7e\u015fitli otomatik yaz\u0131l\u0131m \u00e7\u00f6z\u00fcmlerinin geli\u015ftirilmesine ve uygulanmas\u0131na yard\u0131mc\u0131 olabilir. Deneyimli geli\u015ftiriciler ve BT uzmanlar\u0131ndan olu\u015fan bir ekip taraf\u0131ndan desteklenen Finist SCM, belirli m\u00fc\u015fteri g\u00f6revlerine ve taleplerine uygun bir BT \u00e7\u00f6z\u00fcm\u00fc sunabilir.<\/p>\r\n<p><a role=\"button\" href=\"\/tr\/solutions\/#getaquote\" target=\"_self\" rel=\"noopener\"> Fiyat Teklifi \u0130ste <\/a> <img loading=\"lazy\" decoding=\"async\" title=\"IT\" src=\"http:\/\/www.finist-scm.com\/wp-content\/uploads\/2024\/06\/IT-1.jpg\" sizes=\"(max-width: 768px) 100vw, 100vw\" srcset=\"https:\/\/www.finist-scm.com\/wp-content\/uploads\/2024\/06\/IT-1.jpg 800w, https:\/\/www.finist-scm.com\/wp-content\/uploads\/2024\/06\/IT-1-300x169.jpg 300w, https:\/\/www.finist-scm.com\/wp-content\/uploads\/2024\/06\/IT-1-768x432.jpg 768w, https:\/\/www.finist-scm.com\/wp-content\/uploads\/2024\/06\/IT-1-630x354.jpg 630w, https:\/\/www.finist-scm.com\/wp-content\/uploads\/2024\/06\/IT-1-420x236.jpg 420w, https:\/\/www.finist-scm.com\/wp-content\/uploads\/2024\/06\/IT-1-315x177.jpg 315w\" alt=\"IT\" width=\"800\" height=\"450\" \/><\/p>\r\n<h2 id=\"getaquote\">Hizmetlerimiz i\u00e7in Teklif Al\u0131n<\/h2>\r\n\n<div class=\"wpcf7 no-js\" id=\"wpcf7-f990089-o1\" lang=\"en-US\" dir=\"ltr\">\n<div class=\"screen-reader-response\"><p role=\"status\" aria-live=\"polite\" aria-atomic=\"true\"><\/p> <ul><\/ul><\/div>\n<form action=\"\/tr\/wp-json\/wp\/v2\/pages\/990070#wpcf7-f990089-o1\" method=\"post\" class=\"wpcf7-form init\" aria-label=\"Contact form\" novalidate=\"novalidate\" data-status=\"init\">\n<div style=\"display: none;\">\n<input type=\"hidden\" name=\"_wpcf7\" value=\"990089\" \/>\n<input type=\"hidden\" name=\"_wpcf7_version\" value=\"5.9.8\" \/>\n<input type=\"hidden\" name=\"_wpcf7_locale\" value=\"en_US\" \/>\n<input type=\"hidden\" name=\"_wpcf7_unit_tag\" value=\"wpcf7-f990089-o1\" \/>\n<input type=\"hidden\" name=\"_wpcf7_container_post\" value=\"0\" \/>\n<input type=\"hidden\" name=\"_wpcf7_posted_data_hash\" value=\"\" \/>\n<\/div>\n<p><label> Ad\u0131n\u0131z<br \/>\n<span class=\"wpcf7-form-control-wrap\" data-name=\"your-name\"><input size=\"40\" maxlength=\"400\" class=\"wpcf7-form-control wpcf7-text wpcf7-validates-as-required\" autocomplete=\"name\" aria-required=\"true\" aria-invalid=\"false\" value=\"\" type=\"text\" name=\"your-name\" \/><\/span> <\/label>\n<\/p>\n<p><label> \u015eirket Ad\u0131<br \/>\n<span class=\"wpcf7-form-control-wrap\" data-name=\"your-company\"><input size=\"40\" maxlength=\"400\" class=\"wpcf7-form-control wpcf7-text\" autocomplete=\"company\" aria-invalid=\"false\" value=\"\" type=\"text\" name=\"your-company\" \/><\/span> <\/label>\n<\/p>\n<p><label> Telefon Numaras\u0131<br \/>\n<span class=\"wpcf7-form-control-wrap\" data-name=\"your-phone\"><input size=\"40\" maxlength=\"400\" class=\"wpcf7-form-control wpcf7-text wpcf7-validates-as-required\" aria-required=\"true\" aria-invalid=\"false\" value=\"\" type=\"text\" name=\"your-phone\" \/><\/span> <\/label>\n<\/p>\n<p><label> E-posta adresiniz<br \/>\n<span class=\"wpcf7-form-control-wrap\" data-name=\"your-email\"><input size=\"40\" maxlength=\"400\" class=\"wpcf7-form-control wpcf7-email wpcf7-validates-as-required wpcf7-text wpcf7-validates-as-email\" autocomplete=\"email\" aria-required=\"true\" aria-invalid=\"false\" value=\"\" type=\"email\" name=\"your-email\" \/><\/span> <\/label>\n<\/p>\n<p><label> Hangi t\u00fcr lojistik hizmetlerine ihtiyac\u0131n\u0131z var?<br \/>\n<span class=\"wpcf7-form-control-wrap\" data-name=\"your-typeofservice\"><input size=\"40\" maxlength=\"400\" class=\"wpcf7-form-control wpcf7-text wpcf7-validates-as-required\" aria-required=\"true\" aria-invalid=\"false\" value=\"\" type=\"text\" name=\"your-typeofservice\" \/><\/span> <\/label>\n<\/p>\n<p><label> Yorumunuz<br \/>\n<span class=\"wpcf7-form-control-wrap\" data-name=\"your-message\"><textarea cols=\"40\" rows=\"10\" maxlength=\"2000\" class=\"wpcf7-form-control wpcf7-textarea\" aria-invalid=\"false\" name=\"your-message\"><\/textarea><\/span> <\/label>\n<\/p>\n<p><input class=\"wpcf7-form-control wpcf7-submit has-spinner\" type=\"submit\" value=\"G\u00f6nder\" \/>\n<\/p>\n<p><label for=\"g-recaptcha\">Recaptcha<\/label><div class=\"g-recaptcha\" id=\"6a0200e5defb0\" data-theme=\"light\" data-type=\"image\" data-sitekey=\"6LfDbXAqAAAAAOwZ5S-twLVQsOngS90sp12oXELf\" style=\"transform:scale(0.90);-webkit-transform:scale(0.90);transform-origin:0 0;-webkit-transform-origin:0 0;\"><\/div><input id=\"emailHP-6a0200e5defb2\" type=\"text\" class=\"hPot_checker emailHP\" name=\"emailHP\" size=\"25\" value=\"\" placeholder=\"Do not fill in this field\" \/><script type=\"text\/javascript\" charset=\"utf-8\">\r\n\r\n                var onloadCallback = function() {\r\n                        var recaptchas = document.querySelectorAll('div[class=g-recaptcha]');\r\n                        for( i = 0; i < recaptchas.length; i++) {\r\n                                grecaptcha.render( recaptchas[i].id, {\r\n                                        'sitekey' : '6LfDbXAqAAAAAOwZ5S-twLVQsOngS90sp12oXELf',\r\n                                        'theme' : 'light',\r\n                                        'type' : 'image',\r\n                                });\r\n                        }\r\n                }\r\n        <\/script><span class=\"wpcf7-form-control-wrap cta_recaptcha\"><\/span>\n<\/p><div class=\"wpcf7-response-output\" aria-hidden=\"true\"><\/div>\n<\/form>\n<\/div>\n\r\n<\/div><!-- .vgblk-rw-wrapper -->","protected":false},"excerpt":{"rendered":"<p>3PL 3PL (\u00dc\u00e7\u00fcnc\u00fc Taraf Lojistik), bir organizasyonun tedarik zinciri y\u00f6netim i\u015flevlerinin bir k\u0131sm\u0131 veya tamam\u0131 i\u00e7in d\u0131\u015f kaynakl\u0131 lojistik hizmetleri sa\u011flayan d\u00fczenli bir hizmettir. Bir 3PL \u015firketi tipik olarak ta\u015f\u0131mac\u0131l\u0131k, depolama ve nakliye hizmetleri sunar. 3PL, i\u015fletmelere maliyet tasarrufu ve \u00f6l\u00e7eklenebilirlikten uzmanl\u0131\u011fa ve k\u00fcresel a\u011flara eri\u015fime kadar bir dizi fayda sa\u011flar. G\u00fcvenilir bir 3PL sa\u011flay\u0131c\u0131&#8230;<\/p>\n","protected":false},"author":1,"featured_media":0,"parent":0,"menu_order":0,"comment_status":"closed","ping_status":"closed","template":"","meta":{"inline_featured_image":false,"_uf_show_specific_survey":0,"_uf_disable_surveys":false,"footnotes":""},"yoast_head":"<!-- This site is optimized with the Yoast SEO plugin v23.6 - https:\/\/yoast.com\/wordpress\/plugins\/seo\/ -->\n<title>\u00c7\u00f6z\u00fcmler - Finist SCM<\/title>\n<meta name=\"robots\" content=\"index, follow, max-snippet:-1, max-image-preview:large, max-video-preview:-1\" \/>\n<link rel=\"canonical\" href=\"https:\/\/www.finist-scm.com\/tr\/solutions\/\" \/>\n<meta property=\"og:locale\" content=\"tr_TR\" \/>\n<meta property=\"og:type\" content=\"article\" \/>\n<meta property=\"og:title\" content=\"\u00c7\u00f6z\u00fcmler - Finist SCM\" \/>\n<meta property=\"og:description\" content=\"3PL 3PL (\u00dc\u00e7\u00fcnc\u00fc Taraf Lojistik), bir organizasyonun tedarik zinciri y\u00f6netim i\u015flevlerinin bir k\u0131sm\u0131 veya tamam\u0131 i\u00e7in d\u0131\u015f kaynakl\u0131 lojistik hizmetleri sa\u011flayan d\u00fczenli bir hizmettir. Bir 3PL \u015firketi tipik olarak ta\u015f\u0131mac\u0131l\u0131k, depolama ve nakliye hizmetleri sunar. 3PL, i\u015fletmelere maliyet tasarrufu ve \u00f6l\u00e7eklenebilirlikten uzmanl\u0131\u011fa ve k\u00fcresel a\u011flara eri\u015fime kadar bir dizi fayda sa\u011flar. G\u00fcvenilir bir 3PL sa\u011flay\u0131c\u0131...\" \/>\n<meta property=\"og:url\" content=\"https:\/\/www.finist-scm.com\/tr\/solutions\/\" \/>\n<meta property=\"og:site_name\" content=\"Finist SCM\" \/>\n<meta property=\"article:modified_time\" content=\"2024-08-01T08:51:06+00:00\" \/>\n<meta property=\"og:image\" content=\"http:\/\/www.finist-scm.com\/wp-content\/uploads\/2024\/06\/3-PL-1.jpg\" \/>\n<meta name=\"twitter:card\" content=\"summary_large_image\" \/>\n<meta name=\"twitter:label1\" content=\"Tahmini okuma s\u00fcresi\" \/>\n\t<meta name=\"twitter:data1\" content=\"3 dakika\" \/>\n<script type=\"application\/ld+json\" class=\"yoast-schema-graph\">{\"@context\":\"https:\/\/schema.org\",\"@graph\":[{\"@type\":\"WebPage\",\"@id\":\"https:\/\/www.finist-scm.com\/tr\/solutions\/\",\"url\":\"https:\/\/www.finist-scm.com\/tr\/solutions\/\",\"name\":\"\u00c7\u00f6z\u00fcmler - Finist SCM\",\"isPartOf\":{\"@id\":\"https:\/\/www.finist-scm.com\/#website\"},\"primaryImageOfPage\":{\"@id\":\"https:\/\/www.finist-scm.com\/tr\/solutions\/#primaryimage\"},\"image\":{\"@id\":\"https:\/\/www.finist-scm.com\/tr\/solutions\/#primaryimage\"},\"thumbnailUrl\":\"http:\/\/www.finist-scm.com\/wp-content\/uploads\/2024\/06\/3-PL-1.jpg\",\"datePublished\":\"2024-06-19T14:30:11+00:00\",\"dateModified\":\"2024-08-01T08:51:06+00:00\",\"breadcrumb\":{\"@id\":\"https:\/\/www.finist-scm.com\/tr\/solutions\/#breadcrumb\"},\"inLanguage\":\"tr\",\"potentialAction\":[{\"@type\":\"ReadAction\",\"target\":[\"https:\/\/www.finist-scm.com\/tr\/solutions\/\"]}]},{\"@type\":\"ImageObject\",\"inLanguage\":\"tr\",\"@id\":\"https:\/\/www.finist-scm.com\/tr\/solutions\/#primaryimage\",\"url\":\"http:\/\/www.finist-scm.com\/wp-content\/uploads\/2024\/06\/3-PL-1.jpg\",\"contentUrl\":\"http:\/\/www.finist-scm.com\/wp-content\/uploads\/2024\/06\/3-PL-1.jpg\"},{\"@type\":\"BreadcrumbList\",\"@id\":\"https:\/\/www.finist-scm.com\/tr\/solutions\/#breadcrumb\",\"itemListElement\":[{\"@type\":\"ListItem\",\"position\":1,\"name\":\"Home\",\"item\":\"https:\/\/www.finist-scm.com\/tr\/home-hybrid-main-test\/\"},{\"@type\":\"ListItem\",\"position\":2,\"name\":\"\u00c7\u00f6z\u00fcmler\"}]},{\"@type\":\"WebSite\",\"@id\":\"https:\/\/www.finist-scm.com\/#website\",\"url\":\"https:\/\/www.finist-scm.com\/\",\"name\":\"Finist SCM\",\"description\":\"\",\"publisher\":{\"@id\":\"https:\/\/www.finist-scm.com\/#organization\"},\"alternateName\":\"F-SCM\",\"potentialAction\":[{\"@type\":\"SearchAction\",\"target\":{\"@type\":\"EntryPoint\",\"urlTemplate\":\"https:\/\/www.finist-scm.com\/?s={search_term_string}\"},\"query-input\":{\"@type\":\"PropertyValueSpecification\",\"valueRequired\":true,\"valueName\":\"search_term_string\"}}],\"inLanguage\":\"tr\"},{\"@type\":\"Organization\",\"@id\":\"https:\/\/www.finist-scm.com\/#organization\",\"name\":\"Finist SCM\",\"alternateName\":\"F-SCM\",\"url\":\"https:\/\/www.finist-scm.com\/\",\"logo\":{\"@type\":\"ImageObject\",\"inLanguage\":\"tr\",\"@id\":\"https:\/\/www.finist-scm.com\/#\/schema\/logo\/image\/\",\"url\":\"https:\/\/www.finist-scm.com\/wp-content\/uploads\/2024\/06\/Finist_logo_-3.png\",\"contentUrl\":\"https:\/\/www.finist-scm.com\/wp-content\/uploads\/2024\/06\/Finist_logo_-3.png\",\"width\":500,\"height\":105,\"caption\":\"Finist SCM\"},\"image\":{\"@id\":\"https:\/\/www.finist-scm.com\/#\/schema\/logo\/image\/\"},\"sameAs\":[\"https:\/\/t.me\/finistscm\",\"https:\/\/www.linkedin.com\/company\/finist-scm\/\",\"https:\/\/mp.weixin.qq.com\/s\/_TZqA11aldTrqLG5oUeoJA\"]}]}<\/script>\n<!-- \/ Yoast SEO plugin. -->","yoast_head_json":{"title":"\u00c7\u00f6z\u00fcmler - Finist SCM","robots":{"index":"index","follow":"follow","max-snippet":"max-snippet:-1","max-image-preview":"max-image-preview:large","max-video-preview":"max-video-preview:-1"},"canonical":"https:\/\/www.finist-scm.com\/tr\/solutions\/","og_locale":"tr_TR","og_type":"article","og_title":"\u00c7\u00f6z\u00fcmler - Finist SCM","og_description":"3PL 3PL (\u00dc\u00e7\u00fcnc\u00fc Taraf Lojistik), bir organizasyonun tedarik zinciri y\u00f6netim i\u015flevlerinin bir k\u0131sm\u0131 veya tamam\u0131 i\u00e7in d\u0131\u015f kaynakl\u0131 lojistik hizmetleri sa\u011flayan d\u00fczenli bir hizmettir. Bir 3PL \u015firketi tipik olarak ta\u015f\u0131mac\u0131l\u0131k, depolama ve nakliye hizmetleri sunar. 3PL, i\u015fletmelere maliyet tasarrufu ve \u00f6l\u00e7eklenebilirlikten uzmanl\u0131\u011fa ve k\u00fcresel a\u011flara eri\u015fime kadar bir dizi fayda sa\u011flar. G\u00fcvenilir bir 3PL sa\u011flay\u0131c\u0131...","og_url":"https:\/\/www.finist-scm.com\/tr\/solutions\/","og_site_name":"Finist SCM","article_modified_time":"2024-08-01T08:51:06+00:00","og_image":[{"url":"http:\/\/www.finist-scm.com\/wp-content\/uploads\/2024\/06\/3-PL-1.jpg"}],"twitter_card":"summary_large_image","twitter_misc":{"Tahmini okuma s\u00fcresi":"3 dakika"},"schema":{"@context":"https:\/\/schema.org","@graph":[{"@type":"WebPage","@id":"https:\/\/www.finist-scm.com\/tr\/solutions\/","url":"https:\/\/www.finist-scm.com\/tr\/solutions\/","name":"\u00c7\u00f6z\u00fcmler - Finist SCM","isPartOf":{"@id":"https:\/\/www.finist-scm.com\/#website"},"primaryImageOfPage":{"@id":"https:\/\/www.finist-scm.com\/tr\/solutions\/#primaryimage"},"image":{"@id":"https:\/\/www.finist-scm.com\/tr\/solutions\/#primaryimage"},"thumbnailUrl":"http:\/\/www.finist-scm.com\/wp-content\/uploads\/2024\/06\/3-PL-1.jpg","datePublished":"2024-06-19T14:30:11+00:00","dateModified":"2024-08-01T08:51:06+00:00","breadcrumb":{"@id":"https:\/\/www.finist-scm.com\/tr\/solutions\/#breadcrumb"},"inLanguage":"tr","potentialAction":[{"@type":"ReadAction","target":["https:\/\/www.finist-scm.com\/tr\/solutions\/"]}]},{"@type":"ImageObject","inLanguage":"tr","@id":"https:\/\/www.finist-scm.com\/tr\/solutions\/#primaryimage","url":"http:\/\/www.finist-scm.com\/wp-content\/uploads\/2024\/06\/3-PL-1.jpg","contentUrl":"http:\/\/www.finist-scm.com\/wp-content\/uploads\/2024\/06\/3-PL-1.jpg"},{"@type":"BreadcrumbList","@id":"https:\/\/www.finist-scm.com\/tr\/solutions\/#breadcrumb","itemListElement":[{"@type":"ListItem","position":1,"name":"Home","item":"https:\/\/www.finist-scm.com\/tr\/home-hybrid-main-test\/"},{"@type":"ListItem","position":2,"name":"\u00c7\u00f6z\u00fcmler"}]},{"@type":"WebSite","@id":"https:\/\/www.finist-scm.com\/#website","url":"https:\/\/www.finist-scm.com\/","name":"Finist SCM","description":"","publisher":{"@id":"https:\/\/www.finist-scm.com\/#organization"},"alternateName":"F-SCM","potentialAction":[{"@type":"SearchAction","target":{"@type":"EntryPoint","urlTemplate":"https:\/\/www.finist-scm.com\/?s={search_term_string}"},"query-input":{"@type":"PropertyValueSpecification","valueRequired":true,"valueName":"search_term_string"}}],"inLanguage":"tr"},{"@type":"Organization","@id":"https:\/\/www.finist-scm.com\/#organization","name":"Finist SCM","alternateName":"F-SCM","url":"https:\/\/www.finist-scm.com\/","logo":{"@type":"ImageObject","inLanguage":"tr","@id":"https:\/\/www.finist-scm.com\/#\/schema\/logo\/image\/","url":"https:\/\/www.finist-scm.com\/wp-content\/uploads\/2024\/06\/Finist_logo_-3.png","contentUrl":"https:\/\/www.finist-scm.com\/wp-content\/uploads\/2024\/06\/Finist_logo_-3.png","width":500,"height":105,"caption":"Finist SCM"},"image":{"@id":"https:\/\/www.finist-scm.com\/#\/schema\/logo\/image\/"},"sameAs":["https:\/\/t.me\/finistscm","https:\/\/www.linkedin.com\/company\/finist-scm\/","https:\/\/mp.weixin.qq.com\/s\/_TZqA11aldTrqLG5oUeoJA"]}]}},"jetpack_sharing_enabled":true,"_links":{"self":[{"href":"https:\/\/www.finist-scm.com\/tr\/wp-json\/wp\/v2\/pages\/990070"}],"collection":[{"href":"https:\/\/www.finist-scm.com\/tr\/wp-json\/wp\/v2\/pages"}],"about":[{"href":"https:\/\/www.finist-scm.com\/tr\/wp-json\/wp\/v2\/types\/page"}],"author":[{"embeddable":true,"href":"https:\/\/www.finist-scm.com\/tr\/wp-json\/wp\/v2\/users\/1"}],"replies":[{"embeddable":true,"href":"https:\/\/www.finist-scm.com\/tr\/wp-json\/wp\/v2\/comments?post=990070"}],"version-history":[{"count":6,"href":"https:\/\/www.finist-scm.com\/tr\/wp-json\/wp\/v2\/pages\/990070\/revisions"}],"predecessor-version":[{"id":990636,"href":"https:\/\/www.finist-scm.com\/tr\/wp-json\/wp\/v2\/pages\/990070\/revisions\/990636"}],"wp:attachment":[{"href":"https:\/\/www.finist-scm.com\/tr\/wp-json\/wp\/v2\/media?parent=990070"}],"curies":[{"name":"wp","href":"https:\/\/api.w.org\/{rel}","templated":true}]}}